{"id":82,"date":"2015-10-08T09:31:05","date_gmt":"2015-10-08T09:31:05","guid":{"rendered":"http:\/\/broker.commercegurus.com\/?page_id=82"},"modified":"2018-01-27T09:39:18","modified_gmt":"2018-01-27T14:39:18","slug":"construccion","status":"publish","type":"page","link":"https:\/\/sissa.com.co\/site\/nuestras-soluciones\/construccion\/","title":{"rendered":"Soluciones para el sector de la Construcci\u00f3n"},"content":{"rendered":"<p>[vc_row type=\u00bbcontainer\u00bb padding_top=\u00bb\u00bb padding_bottom=\u00bb\u00bb css=\u00bb.vc_custom_1449062960012{margin-bottom: 20px !important;}\u00bb][vc_column width=\u00bb1\/2&#8243;][vc_column_text]<\/p>\n<p>SIS S.A es una empresa reconocida por su presencia en el sector, estando certificada con el registro \u00fanico de contratistas RUC con calificaci\u00f3n superior al 80%, y registradas en las principales plataformas de proveedores de la industria, como un proveedor confiable en el suministro y montaje de aislamientos, y sistemas de extracci\u00f3n de crudo y combusti\u00f3n.<\/p>\n<p>[\/vc_column_text][\/vc_column][vc_column width=\u00bb1\/2&#8243;][vc_images_carousel images=\u00bb71340,71341,71342,71343&#8243; img_size=\u00bb400&#215;267&#8243;][\/vc_column][\/vc_row][vc_row type=\u00bbcontainer\u00bb padding_top=\u00bb\u00bb padding_bottom=\u00bb\u00bb css=\u00bb.vc_custom_1444504142602{margin-bottom: 0px !important;}\u00bb][vc_column][vc_separator color=\u00bb#e2e2e2&#8243; type=\u00bbnormal\u00bb thickness=\u00bb1&#8243; up=\u00bb\u00bb down=\u00bb\u00bb el_class=\u00bbdotted\u00bb][\/vc_column][\/vc_row][vc_row type=\u00bbcontainer\u00bb padding_top=\u00bb\u00bb padding_bottom=\u00bb\u00bb][vc_column][vc_column_text]<\/p>\n<h2>Nuestras soluciones<\/h2>\n<p>En SIS S.A. podr\u00e1 encontrar las siguientes soluciones para su industria:[\/vc_column_text][\/vc_column][\/vc_row][vc_row type=\u00bbcontainer\u00bb padding_top=\u00bb\u00bb padding_bottom=\u00bb\u00bb css=\u00bb.vc_custom_1449062969962{margin-bottom: 50px !important;}\u00bb][vc_column][vc_tta_tabs style=\u00bbflat\u00bb active_section=\u00bb1&#8243;][vc_tta_section title=\u00bbAislamiento altas temperaturas\u00bb tab_id=\u00bb1444300654474-2bfb86dc-fd3a3d02-d043&#8243;][vc_column_text]Suministro e instalaci\u00f3n de aislamientos t\u00e9rmicos para calderas, reactores, tanques, turbinas, ductos, tuber\u00edas de vapor, aceite t\u00e9rmico, condensado, producto, etc., con Lana Mineral de Roca, Lana de Fibra de Vidrio, Fibra cer\u00e1mica, Silicato de calcio, Perlita Expandida, Pyrogel ; con cubiertas met\u00e1licas en l\u00e1mina Galvanizada, aluminio y acero inoxidable o en poli\u00e9ster reforzado con fibra de vidrio (PRFV).[\/vc_column_text][\/vc_tta_section][vc_tta_section title=\u00bbAislamientos para fr\u00edo\u00bb tab_id=\u00bb1447253859257-00754f03-0b933d02-d043&#8243;][vc_column_text]Suministro e instalaci\u00f3n de aislamientos para tuber\u00edas, equipos, chiller y tanques con poliuretano, espumas elastom\u00e9ricas y Cryogel, con o sin cubierta met\u00e1lica, para el control de la condensaci\u00f3n en la conducci\u00f3n de fluidos como agua o productos fr\u00edos, y gases o l\u00edquidos criog\u00e9nicos. Aislamiento de cuartos fr\u00edos y de refrigeraci\u00f3n.[\/vc_column_text][\/vc_tta_section][vc_tta_section title=\u00bbControl Bioclim\u00e1tico\u00bb tab_id=\u00bb1516371781319-4be3507b-a5ca\u00bb][vc_column_text]Suministro e instalaci\u00f3n de sistemas de aislamiento para la reducci\u00f3n de la temperatura al interior de \u00e1reas administrativas de producci\u00f3n, almacenamiento, vivienda y edificios comerciales, oficinas y bodegas, para lograr un confort t\u00e9rmico a causa de la incidencia del clima y la temperatura del ambiente.[\/vc_column_text][\/vc_tta_section][\/vc_tta_tabs][vc_tta_tabs style=\u00bbflat\u00bb active_section=\u00bb1&#8243;][vc_tta_section title=\u00bbProtecci\u00f3n pasiva cortafuego\u00bb tab_id=\u00bb1516370803835-bf49a32f-a30d3d02-d043&#8243;][vc_column_text]Suministro e instalaci\u00f3n de sistemas para la protecci\u00f3n pasiva cortafuego para cabinas, \u00e1reas administrativas, de producci\u00f3n y almacenamiento, de muros completos, muros pasa cables, cielos, modulaciones y puertas cortafuego con lana mineral de roca fibra cer\u00e1mica, silicato de calcio; Masillas y pinturas intumecentes retardantes al fuego para recubrimiento de estructuras.[\/vc_column_text][\/vc_tta_section][vc_tta_section title=\u00bbAcondicionamientos ac\u00fasticos\u00bb tab_id=\u00bb1516370804026-a6477c71-2af03d02-d043&#8243;][vc_column_text]Dise\u00f1o, Suministro e instalaci\u00f3n de cabinas insonorizadas, encerramientos para atenuaci\u00f3n del sonido de ventiladores, sopladores, turbinas, motores, m\u00e1quinas y dem\u00e1s fuentes de ruido; pantallas y barreras ac\u00fasticas; insonorizaci\u00f3n de ductos transportadores; y acondicionamientos ac\u00fasticos de salas de reuniones, cuartos de m\u00e1quinas, oficinas, auditorios etc.[\/vc_column_text][\/vc_tta_section][vc_tta_section title=\u00bbMetalmec\u00e1nica\u00bb tab_id=\u00bb1516371807850-2b6a572f-fdd1&#8243;][vc_column_text]Dise\u00f1o, fabricaci\u00f3n e instalaci\u00f3n de todo tipo de estructuras metalmec\u00e1nicas como plataformas, ductos, chimeneas y soportes.[\/vc_column_text][\/vc_tta_section][\/vc_tta_tabs][\/vc_column][\/vc_row]<\/p>\n","protected":false},"excerpt":{"rendered":"<p>[vc_row type=\u00bbcontainer\u00bb padding_top=\u00bb\u00bb padding_bottom=\u00bb\u00bb css=\u00bb.vc_custom_1449062960012{margin-bottom: 20px !important;}\u00bb][vc_column width=\u00bb1\/2&#8243;][vc_column_text] SIS S.A es una empresa reconocida por su presencia en el sector, estando certificada con el registro \u00fanico de contratistas RUC con calificaci\u00f3n superior al 80%, y registradas en las principales plataformas de proveedores de la industria, como un proveedor confiable en el suministro y montaje de [&hellip;]<\/p>\n","protected":false},"author":1,"featured_media":70714,"parent":73,"menu_order":5,"comment_status":"closed","ping_status":"closed","template":"","meta":{"_monsterinsights_skip_tracking":false,"_monsterinsights_sitenote_active":false,"_monsterinsights_sitenote_note":"","_monsterinsights_sitenote_category":0},"acf":[],"yoast_head":"<!-- This site is optimized with the Yoast SEO plugin v20.6 - https:\/\/yoast.com\/wordpress\/plugins\/seo\/ -->\n<title>Soluciones para el sector de la Construcci\u00f3n - SIS SA Suministros Ingenieria y Soluciones<\/title>\n<meta name=\"description\" content=\"It is refined and separated, most easily by distillation, into a large number of consumer products.\" \/>\n<meta name=\"robots\" content=\"noindex, follow, max-snippet:-1, max-image-preview:large, max-video-preview:-1\" \/>\n<meta property=\"og:locale\" content=\"es_ES\" \/>\n<meta property=\"og:type\" content=\"article\" \/>\n<meta property=\"og:title\" content=\"Soluciones para el sector de la Construcci\u00f3n - SIS SA Suministros Ingenieria y Soluciones\" \/>\n<meta property=\"og:description\" content=\"It is refined and separated, most easily by distillation, into a large number of consumer products.\" \/>\n<meta property=\"og:url\" content=\"https:\/\/sissa.com.co\/site\/nuestras-soluciones\/construccion\/\" \/>\n<meta property=\"og:site_name\" content=\"SIS SA Suministros Ingenieria y Soluciones\" \/>\n<meta property=\"article:modified_time\" content=\"2018-01-27T14:39:18+00:00\" \/>\n<meta name=\"twitter:card\" content=\"summary_large_image\" \/>\n<meta name=\"twitter:label1\" content=\"Tiempo de lectura\" \/>\n\t<meta name=\"twitter:data1\" content=\"3 minutos\" \/>\n<script type=\"application\/ld+json\" class=\"yoast-schema-graph\">{\"@context\":\"https:\/\/schema.org\",\"@graph\":[{\"@type\":\"WebPage\",\"@id\":\"https:\/\/sissa.com.co\/site\/nuestras-soluciones\/construccion\/\",\"url\":\"https:\/\/sissa.com.co\/site\/nuestras-soluciones\/construccion\/\",\"name\":\"Soluciones para el sector de la Construcci\u00f3n - SIS SA Suministros Ingenieria y Soluciones\",\"isPartOf\":{\"@id\":\"https:\/\/sissa.com.co\/site\/#website\"},\"datePublished\":\"2015-10-08T09:31:05+00:00\",\"dateModified\":\"2018-01-27T14:39:18+00:00\",\"description\":\"It is refined and separated, most easily by distillation, into a large number of consumer products.\",\"breadcrumb\":{\"@id\":\"https:\/\/sissa.com.co\/site\/nuestras-soluciones\/construccion\/#breadcrumb\"},\"inLanguage\":\"es\",\"potentialAction\":[{\"@type\":\"ReadAction\",\"target\":[\"https:\/\/sissa.com.co\/site\/nuestras-soluciones\/construccion\/\"]}]},{\"@type\":\"BreadcrumbList\",\"@id\":\"https:\/\/sissa.com.co\/site\/nuestras-soluciones\/construccion\/#breadcrumb\",\"itemListElement\":[{\"@type\":\"ListItem\",\"position\":1,\"name\":\"Home\",\"item\":\"https:\/\/sissa.com.co\/site\/\"},{\"@type\":\"ListItem\",\"position\":2,\"name\":\"Solutions\",\"item\":\"https:\/\/sissa.com.co\/site\/nuestras-soluciones\/\"},{\"@type\":\"ListItem\",\"position\":3,\"name\":\"Soluciones para el sector de la Construcci\u00f3n\"}]},{\"@type\":\"WebSite\",\"@id\":\"https:\/\/sissa.com.co\/site\/#website\",\"url\":\"https:\/\/sissa.com.co\/site\/\",\"name\":\"SIS SA Suministros Ingenieria y Soluciones\",\"description\":\"Somos la ingenier\u00eda del aislamiento t\u00e9rmico\",\"publisher\":{\"@id\":\"https:\/\/sissa.com.co\/site\/#organization\"},\"potentialAction\":[{\"@type\":\"SearchAction\",\"target\":{\"@type\":\"EntryPoint\",\"urlTemplate\":\"https:\/\/sissa.com.co\/site\/?s={search_term_string}\"},\"query-input\":\"required name=search_term_string\"}],\"inLanguage\":\"es\"},{\"@type\":\"Organization\",\"@id\":\"https:\/\/sissa.com.co\/site\/#organization\",\"name\":\"Suministros Ingenier\u00eda y Soluciones SIS SA Medell\u00edn, Colombia | Consultor\u00eda t\u00e9cnica e instalaci\u00f3n de Aislamientos T\u00e9rmicos en bajas temperaturas con Poliuretano, medias temperaturas en Fibra de Vidrio y en Altas Temperaturas en Fibra Cer\u00e1mica, Aislamientos Ac\u00fasticos y Materiales Refractarios, Dise\u00f1o, Fabricaci\u00f3n, Montaje y Reparaci\u00f3n de Sistemas de Combusti\u00f3n, Hornos Industriales, Hornos Crematorios para Humanos y para Mascotas | V\u00e1lvulas e Incineradores | Suministros para la Ingenier\u00eda, La mejor Calidad del Pa\u00eds, Distribuidores Autorizados de Fiber Glass Colombia, Erecos Colombia, Morgan Thermal Ceramics, Lewco, Honeywell | Dise\u00f1o de Montajes Industriales en Colombia, Medell\u00edn, Cali, Bogot\u00e1, Barranquilla, Cartagena, C\u00facuta, Villavicencio, Ibagu\u00e9, Bucaramanga, Santa Marta, Pereira, Valledupar, Monter\u00eda, Pasto, Manizales, Neiva, Armenia, Popay\u00e1n, Sincelejo, Barrancabermeja\",\"url\":\"https:\/\/sissa.com.co\/site\/\",\"logo\":{\"@type\":\"ImageObject\",\"inLanguage\":\"es\",\"@id\":\"https:\/\/sissa.com.co\/site\/#\/schema\/logo\/image\/\",\"url\":\"https:\/\/sissa.com.co\/site\/wp-content\/uploads\/2018\/01\/logo_alta_sis.png\",\"contentUrl\":\"https:\/\/sissa.com.co\/site\/wp-content\/uploads\/2018\/01\/logo_alta_sis.png\",\"width\":945,\"height\":400,\"caption\":\"Suministros Ingenier\u00eda y Soluciones SIS SA Medell\u00edn, Colombia | Consultor\u00eda t\u00e9cnica e instalaci\u00f3n de Aislamientos T\u00e9rmicos en bajas temperaturas con Poliuretano, medias temperaturas en Fibra de Vidrio y en Altas Temperaturas en Fibra Cer\u00e1mica, Aislamientos Ac\u00fasticos y Materiales Refractarios, Dise\u00f1o, Fabricaci\u00f3n, Montaje y Reparaci\u00f3n de Sistemas de Combusti\u00f3n, Hornos Industriales, Hornos Crematorios para Humanos y para Mascotas | V\u00e1lvulas e Incineradores | Suministros para la Ingenier\u00eda, La mejor Calidad del Pa\u00eds, Distribuidores Autorizados de Fiber Glass Colombia, Erecos Colombia, Morgan Thermal Ceramics, Lewco, Honeywell | Dise\u00f1o de Montajes Industriales en Colombia, Medell\u00edn, Cali, Bogot\u00e1, Barranquilla, Cartagena, C\u00facuta, Villavicencio, Ibagu\u00e9, Bucaramanga, Santa Marta, Pereira, Valledupar, Monter\u00eda, Pasto, Manizales, Neiva, Armenia, Popay\u00e1n, Sincelejo, Barrancabermeja\"},\"image\":{\"@id\":\"https:\/\/sissa.com.co\/site\/#\/schema\/logo\/image\/\"}}]}<\/script>\n<!-- \/ Yoast SEO plugin. -->","yoast_head_json":{"title":"Soluciones para el sector de la Construcci\u00f3n - SIS SA Suministros Ingenieria y Soluciones","description":"It is refined and separated, most easily by distillation, into a large number of consumer products.","robots":{"index":"noindex","follow":"follow","max-snippet":"max-snippet:-1","max-image-preview":"max-image-preview:large","max-video-preview":"max-video-preview:-1"},"og_locale":"es_ES","og_type":"article","og_title":"Soluciones para el sector de la Construcci\u00f3n - SIS SA Suministros Ingenieria y Soluciones","og_description":"It is refined and separated, most easily by distillation, into a large number of consumer products.","og_url":"https:\/\/sissa.com.co\/site\/nuestras-soluciones\/construccion\/","og_site_name":"SIS SA Suministros Ingenieria y Soluciones","article_modified_time":"2018-01-27T14:39:18+00:00","twitter_card":"summary_large_image","twitter_misc":{"Tiempo de lectura":"3 minutos"},"schema":{"@context":"https:\/\/schema.org","@graph":[{"@type":"WebPage","@id":"https:\/\/sissa.com.co\/site\/nuestras-soluciones\/construccion\/","url":"https:\/\/sissa.com.co\/site\/nuestras-soluciones\/construccion\/","name":"Soluciones para el sector de la Construcci\u00f3n - SIS SA Suministros Ingenieria y Soluciones","isPartOf":{"@id":"https:\/\/sissa.com.co\/site\/#website"},"datePublished":"2015-10-08T09:31:05+00:00","dateModified":"2018-01-27T14:39:18+00:00","description":"It is refined and separated, most easily by distillation, into a large number of consumer products.","breadcrumb":{"@id":"https:\/\/sissa.com.co\/site\/nuestras-soluciones\/construccion\/#breadcrumb"},"inLanguage":"es","potentialAction":[{"@type":"ReadAction","target":["https:\/\/sissa.com.co\/site\/nuestras-soluciones\/construccion\/"]}]},{"@type":"BreadcrumbList","@id":"https:\/\/sissa.com.co\/site\/nuestras-soluciones\/construccion\/#breadcrumb","itemListElement":[{"@type":"ListItem","position":1,"name":"Home","item":"https:\/\/sissa.com.co\/site\/"},{"@type":"ListItem","position":2,"name":"Solutions","item":"https:\/\/sissa.com.co\/site\/nuestras-soluciones\/"},{"@type":"ListItem","position":3,"name":"Soluciones para el sector de la Construcci\u00f3n"}]},{"@type":"WebSite","@id":"https:\/\/sissa.com.co\/site\/#website","url":"https:\/\/sissa.com.co\/site\/","name":"SIS SA Suministros Ingenieria y Soluciones","description":"Somos la ingenier\u00eda del aislamiento t\u00e9rmico","publisher":{"@id":"https:\/\/sissa.com.co\/site\/#organization"},"potentialAction":[{"@type":"SearchAction","target":{"@type":"EntryPoint","urlTemplate":"https:\/\/sissa.com.co\/site\/?s={search_term_string}"},"query-input":"required name=search_term_string"}],"inLanguage":"es"},{"@type":"Organization","@id":"https:\/\/sissa.com.co\/site\/#organization","name":"Suministros Ingenier\u00eda y Soluciones SIS SA Medell\u00edn, Colombia | Consultor\u00eda t\u00e9cnica e instalaci\u00f3n de Aislamientos T\u00e9rmicos en bajas temperaturas con Poliuretano, medias temperaturas en Fibra de Vidrio y en Altas Temperaturas en Fibra Cer\u00e1mica, Aislamientos Ac\u00fasticos y Materiales Refractarios, Dise\u00f1o, Fabricaci\u00f3n, Montaje y Reparaci\u00f3n de Sistemas de Combusti\u00f3n, Hornos Industriales, Hornos Crematorios para Humanos y para Mascotas | V\u00e1lvulas e Incineradores | Suministros para la Ingenier\u00eda, La mejor Calidad del Pa\u00eds, Distribuidores Autorizados de Fiber Glass Colombia, Erecos Colombia, Morgan Thermal Ceramics, Lewco, Honeywell | Dise\u00f1o de Montajes Industriales en Colombia, Medell\u00edn, Cali, Bogot\u00e1, Barranquilla, Cartagena, C\u00facuta, Villavicencio, Ibagu\u00e9, Bucaramanga, Santa Marta, Pereira, Valledupar, Monter\u00eda, Pasto, Manizales, Neiva, Armenia, Popay\u00e1n, Sincelejo, Barrancabermeja","url":"https:\/\/sissa.com.co\/site\/","logo":{"@type":"ImageObject","inLanguage":"es","@id":"https:\/\/sissa.com.co\/site\/#\/schema\/logo\/image\/","url":"https:\/\/sissa.com.co\/site\/wp-content\/uploads\/2018\/01\/logo_alta_sis.png","contentUrl":"https:\/\/sissa.com.co\/site\/wp-content\/uploads\/2018\/01\/logo_alta_sis.png","width":945,"height":400,"caption":"Suministros Ingenier\u00eda y Soluciones SIS SA Medell\u00edn, Colombia | Consultor\u00eda t\u00e9cnica e instalaci\u00f3n de Aislamientos T\u00e9rmicos en bajas temperaturas con Poliuretano, medias temperaturas en Fibra de Vidrio y en Altas Temperaturas en Fibra Cer\u00e1mica, Aislamientos Ac\u00fasticos y Materiales Refractarios, Dise\u00f1o, Fabricaci\u00f3n, Montaje y Reparaci\u00f3n de Sistemas de Combusti\u00f3n, Hornos Industriales, Hornos Crematorios para Humanos y para Mascotas | V\u00e1lvulas e Incineradores | Suministros para la Ingenier\u00eda, La mejor Calidad del Pa\u00eds, Distribuidores Autorizados de Fiber Glass Colombia, Erecos Colombia, Morgan Thermal Ceramics, Lewco, Honeywell | Dise\u00f1o de Montajes Industriales en Colombia, Medell\u00edn, Cali, Bogot\u00e1, Barranquilla, Cartagena, C\u00facuta, Villavicencio, Ibagu\u00e9, Bucaramanga, Santa Marta, Pereira, Valledupar, Monter\u00eda, Pasto, Manizales, Neiva, Armenia, Popay\u00e1n, Sincelejo, Barrancabermeja"},"image":{"@id":"https:\/\/sissa.com.co\/site\/#\/schema\/logo\/image\/"}}]}},"_links":{"self":[{"href":"https:\/\/sissa.com.co\/site\/wp-json\/wp\/v2\/pages\/82"}],"collection":[{"href":"https:\/\/sissa.com.co\/site\/wp-json\/wp\/v2\/pages"}],"about":[{"href":"https:\/\/sissa.com.co\/site\/wp-json\/wp\/v2\/types\/page"}],"author":[{"embeddable":true,"href":"https:\/\/sissa.com.co\/site\/wp-json\/wp\/v2\/users\/1"}],"replies":[{"embeddable":true,"href":"https:\/\/sissa.com.co\/site\/wp-json\/wp\/v2\/comments?post=82"}],"version-history":[{"count":4,"href":"https:\/\/sissa.com.co\/site\/wp-json\/wp\/v2\/pages\/82\/revisions"}],"predecessor-version":[{"id":71344,"href":"https:\/\/sissa.com.co\/site\/wp-json\/wp\/v2\/pages\/82\/revisions\/71344"}],"up":[{"embeddable":true,"href":"https:\/\/sissa.com.co\/site\/wp-json\/wp\/v2\/pages\/73"}],"wp:featuredmedia":[{"embeddable":true,"href":"https:\/\/sissa.com.co\/site\/wp-json\/"}],"wp:attachment":[{"href":"https:\/\/sissa.com.co\/site\/wp-json\/wp\/v2\/media?parent=82"}],"curies":[{"name":"wp","href":"https:\/\/api.w.org\/{rel}","templated":true}]}}