{"id":71065,"date":"2017-08-12T10:53:37","date_gmt":"2017-08-12T15:53:37","guid":{"rendered":"http:\/\/sissa.com.co\/site\/?page_id=71065"},"modified":"2018-01-18T10:00:25","modified_gmt":"2018-01-18T15:00:25","slug":"productos-y-suministros","status":"publish","type":"page","link":"https:\/\/sissa.com.co\/site\/productos-y-suministros\/","title":{"rendered":"Productos y Suministros"},"content":{"rendered":"<p>[vc_row type=\u00bbcontainer\u00bb padding_top=\u00bb\u00bb padding_bottom=\u00bb\u00bb css=\u00bb.vc_custom_1447263760697{margin-bottom: 0px !important;padding-top: 50px !important;}\u00bb][vc_column width=\u00bb1\/3&#8243; css=\u00bb.vc_custom_1451766709466{margin-bottom: 35px !important;}\u00bb][vc_single_image image=\u00bb71195&#8243; img_size=\u00bblarge\u00bb onclick=\u00bbcustom_link\u00bb css_animation=\u00bbbottom-to-top\u00bb link=\u00bbhttp:\/\/sissa.com.co\/site\/productos-y-suministros\/suministros-refractarios\/\u00bb css=\u00bb.vc_custom_1516287349428{border-bottom-width: 0px !important;}\u00bb][vc_column_text css=\u00bb.vc_custom_1516287379583{margin-top: -15px !important;margin-bottom: 20px !important;padding-right: 5px !important;}\u00bb]<\/p>\n<h4><a href=\"http:\/\/sissa.com.co\/site\/productos-y-suministros\/suministros-refractarios\/\">Refractarios<\/a><\/h4>\n<h6>Son materiales de diferente composici\u00f3n qu\u00edmica dise\u00f1ados con propiedades que permiten resistir altas temperaturas sin deformarse ni perder sus caracter\u00edsticas f\u00edsicas; habitualmente son usados en la industria cer\u00e1mica, hornos, aislamientos t\u00e9rmicos, fundici\u00f3n, combusti\u00f3n y secado, y en general en procesos productivos que involucran el manejo de altas temperaturas . Clasificaci\u00f3n: Ladrillos, concretos, morteros, cementos moldeables y de cobertura.<\/h6>\n<p><a class=\"more-link\" href=\"http:\/\/sissa.com.co\/site\/productos-y-suministros\/suministros-refractarios\/\">Ver m\u00e1s<\/a>[\/vc_column_text][\/vc_column][vc_column width=\u00bb1\/3&#8243; css=\u00bb.vc_custom_1451766722338{margin-bottom: 35px !important;}\u00bb][vc_single_image image=\u00bb71186&#8243; img_size=\u00bblarge\u00bb onclick=\u00bbcustom_link\u00bb css_animation=\u00bbbottom-to-top\u00bb link=\u00bbhttp:\/\/sissa.com.co\/site\/productos-y-suministros\/suministros-fibra-ceramica\/\u00bb css=\u00bb.vc_custom_1516287397047{border-bottom-width: 0px !important;}\u00bb][vc_column_text css=\u00bb.vc_custom_1516287424281{margin-top: -15px !important;margin-bottom: 20px !important;padding-right: 5px !important;}\u00bb]<\/p>\n<h4><a href=\"http:\/\/sissa.com.co\/site\/productos-y-suministros\/suministros-fibra-ceramica\/\">Fibra cer\u00e1mica<\/a><\/h4>\n<h6>Fibras silico-aluminosas de alta calidad de extracci\u00f3n natural; proporcionan integridad a las superficies y resistencia a la tensi\u00f3n. Los productos de la familia cer\u00e1mica ofrecen manejabilidad y estabilidad a las altas temperaturas; permitiendo ajustarse a diversas aplicaciones como aislante de respaldo o directamente sobre la cara caliente adem\u00e1s de proporcionar eficiencia energ\u00e9tica y retardancia al fuego.<\/h6>\n<p><a class=\"more-link\" href=\"http:\/\/sissa.com.co\/site\/productos-y-suministros\/suministros-fibra-ceramica\/\">Ver m\u00e1s<\/a>[\/vc_column_text][\/vc_column][vc_column width=\u00bb1\/3&#8243; css=\u00bb.vc_custom_1451766735451{margin-bottom: 35px !important;}\u00bb][vc_single_image image=\u00bb71191&#8243; img_size=\u00bblarge\u00bb onclick=\u00bbcustom_link\u00bb css_animation=\u00bbbottom-to-top\u00bb link=\u00bbhttp:\/\/sissa.com.co\/site\/productos-y-suministros\/suministros-lana-mineral-roca\/\u00bb css=\u00bb.vc_custom_1516287473853{border-bottom-width: 0px !important;}\u00bb][vc_column_text css=\u00bb.vc_custom_1516287455418{margin-top: -15px !important;margin-bottom: 20px !important;padding-right: 0px !important;}\u00bb]<\/p>\n<h4><a href=\"http:\/\/sissa.com.co\/site\/productos-y-suministros\/suministros-lana-mineral-roca\/\">Lana mineral de roca<\/a><\/h4>\n<h6>Fibras de lana mineral hechas de roca basaltica y escoria de extracci\u00f3n natural, utilizada para aislamientos t\u00e9rmicos y sistemas de protecci\u00f3n pasiva corta fuego, con baja absorci\u00f3n de humedad, permeable al vapor, flexible y ligera; adicionalmente tiene excelentes propiedades de absorci\u00f3n ac\u00fastica.<\/h6>\n<p><a class=\"more-link\" href=\"http:\/\/sissa.com.co\/site\/productos-y-suministros\/suministros-lana-mineral-roca\/\">Ver m\u00e1s<\/a>[\/vc_column_text][\/vc_column][\/vc_row][vc_row type=\u00bbcontainer\u00bb padding_top=\u00bb\u00bb padding_bottom=\u00bb\u00bb css=\u00bb.vc_custom_1451766655032{margin-bottom: 20px !important;}\u00bb][vc_column width=\u00bb1\/3&#8243; css=\u00bb.vc_custom_1444993797023{margin-bottom: 35px !important;}\u00bb][vc_single_image image=\u00bb71187&#8243; img_size=\u00bblarge\u00bb onclick=\u00bbcustom_link\u00bb css_animation=\u00bbbottom-to-top\u00bb link=\u00bbhttp:\/\/sissa.com.co\/site\/productos-y-suministros\/suministros-fibra-vidrio\/\u00bb css=\u00bb.vc_custom_1516287492853{border-bottom-width: 0px !important;}\u00bb][vc_column_text css=\u00bb.vc_custom_1516287527946{margin-top: -15px !important;margin-bottom: 20px !important;padding-right: 10px !important;}\u00bb]<\/p>\n<h4><a href=\"http:\/\/sissa.com.co\/site\/productos-y-suministros\/suministros-fibra-vidrio\/\">Fibra de vidrio<\/a><\/h4>\n<h6>Material que consta de numerosos filamientos extremadamente finos, lana mineral de vidrio biosoluble, flexible, r\u00eddiga o preformada con textura uniforme para el desempe\u00f1o en aislamientos t\u00e9rmicos y ac\u00fasticos, con alta funcionalidad en los montajes.<\/h6>\n<p><a class=\"more-link\" href=\"http:\/\/sissa.com.co\/site\/productos-y-suministros\/suministros-fibra-vidrio\/\">Ver m\u00e1s<\/a>[\/vc_column_text][\/vc_column][vc_column width=\u00bb1\/3&#8243; css=\u00bb.vc_custom_1444993804144{margin-bottom: 35px !important;}\u00bb][vc_single_image image=\u00bb71188&#8243; img_size=\u00bblarge\u00bb onclick=\u00bbcustom_link\u00bb css_animation=\u00bbbottom-to-top\u00bb link=\u00bbhttp:\/\/sissa.com.co\/site\/productos-y-suministros\/suministro-materiales-flexin\/\u00bb css=\u00bb.vc_custom_1516287546199{border-bottom-width: 0px !important;}\u00bb][vc_column_text css=\u00bb.vc_custom_1516287571681{margin-top: -15px !important;margin-bottom: 20px !important;padding-right: 5px !important;}\u00bb]<\/p>\n<h4><a href=\"http:\/\/sissa.com.co\/site\/productos-y-suministros\/suministro-materiales-flexin\/\">Materiales flexin<\/a><\/h4>\n<h6>Materiales usados para la fabricaci\u00f3n de chaquetas aislantes removibles, las cuales las cuales son f\u00e1ciles de instalar, reducen p\u00e9rdidas de calor, sistema de f\u00e1cil montaje y desmontaje asegurando su reutilizaci\u00f3n. Se emplean tela silice, siliconada, malla mesh, ganchos de amarre y sujeci\u00f3n, arandelas como soporte e hilos para soporte final.<\/h6>\n<p><a class=\"more-link\" href=\"http:\/\/sissa.com.co\/site\/productos-y-suministros\/suministro-materiales-flexin\/\">Ver m\u00e1s<\/a>[\/vc_column_text][\/vc_column][vc_column width=\u00bb1\/3&#8243; css=\u00bb.vc_custom_1444993811709{margin-bottom: 35px !important;}\u00bb][vc_single_image image=\u00bb71193&#8243; img_size=\u00bblarge\u00bb onclick=\u00bbcustom_link\u00bb css_animation=\u00bbbottom-to-top\u00bb link=\u00bbhttp:\/\/sissa.com.co\/site\/productos-y-suministros\/otros-suministros-la-industria\/\u00bb css=\u00bb.vc_custom_1516287597235{border-bottom-width: 0px !important;}\u00bb][vc_column_text css=\u00bb.vc_custom_1516287621703{margin-top: -15px !important;margin-bottom: 20px !important;padding-right: 0px !important;}\u00bb]<\/p>\n<h4><a href=\"http:\/\/sissa.com.co\/site\/productos-y-suministros\/otros-suministros-la-industria\/\">Otros suministros<\/a><\/h4>\n<h6>Materiales complementarios ofrecidos por SIS S.A para los montajes de aislamientos t\u00e9rmicos y ac\u00fasticos.<\/h6>\n<p><a class=\"more-link\" href=\"http:\/\/sissa.com.co\/site\/productos-y-suministros\/otros-suministros-la-industria\/\">Ver m\u00e1s<\/a>[\/vc_column_text][\/vc_column][\/vc_row]<\/p>\n","protected":false},"excerpt":{"rendered":"<p>[vc_row type=\u00bbcontainer\u00bb padding_top=\u00bb\u00bb padding_bottom=\u00bb\u00bb css=\u00bb.vc_custom_1447263760697{margin-bottom: 0px !important;padding-top: 50px !important;}\u00bb][vc_column width=\u00bb1\/3&#8243; css=\u00bb.vc_custom_1451766709466{margin-bottom: 35px !important;}\u00bb][vc_single_image image=\u00bb71195&#8243; img_size=\u00bblarge\u00bb onclick=\u00bbcustom_link\u00bb css_animation=\u00bbbottom-to-top\u00bb link=\u00bbhttp:\/\/sissa.com.co\/site\/productos-y-suministros\/suministros-refractarios\/\u00bb css=\u00bb.vc_custom_1516287349428{border-bottom-width: 0px !important;}\u00bb][vc_column_text css=\u00bb.vc_custom_1516287379583{margin-top: -15px !important;margin-bottom: 20px !important;padding-right: 5px !important;}\u00bb] Refractarios Son materiales de diferente composici\u00f3n qu\u00edmica dise\u00f1ados con propiedades que permiten resistir altas temperaturas sin deformarse ni perder sus caracter\u00edsticas f\u00edsicas; habitualmente son usados en la [&hellip;]<\/p>\n","protected":false},"author":1,"featured_media":0,"parent":0,"menu_order":0,"comment_status":"closed","ping_status":"closed","template":"page-full-width.php","meta":{"_monsterinsights_skip_tracking":false,"_monsterinsights_sitenote_active":false,"_monsterinsights_sitenote_note":"","_monsterinsights_sitenote_category":0},"acf":[],"yoast_head":"<!-- This site is optimized with the Yoast SEO plugin v20.6 - https:\/\/yoast.com\/wordpress\/plugins\/seo\/ -->\n<title>Productos y Suministros - SIS SA Suministros Ingenieria y Soluciones<\/title>\n<meta name=\"robots\" content=\"noindex, follow, max-snippet:-1, max-image-preview:large, max-video-preview:-1\" \/>\n<meta property=\"og:locale\" content=\"es_ES\" \/>\n<meta property=\"og:type\" content=\"article\" \/>\n<meta property=\"og:title\" content=\"Productos y Suministros - SIS SA Suministros Ingenieria y Soluciones\" \/>\n<meta property=\"og:description\" content=\"[vc_row type=\u00bbcontainer\u00bb padding_top=\u00bb\u00bb padding_bottom=\u00bb\u00bb css=\u00bb.vc_custom_1447263760697{margin-bottom: 0px !important;padding-top: 50px !important;}\u00bb][vc_column width=\u00bb1\/3&#8243; css=\u00bb.vc_custom_1451766709466{margin-bottom: 35px !important;}\u00bb][vc_single_image image=\u00bb71195&#8243; img_size=\u00bblarge\u00bb onclick=\u00bbcustom_link\u00bb css_animation=\u00bbbottom-to-top\u00bb link=\u00bbhttp:\/\/sissa.com.co\/site\/productos-y-suministros\/suministros-refractarios\/\u00bb css=\u00bb.vc_custom_1516287349428{border-bottom-width: 0px !important;}\u00bb][vc_column_text css=\u00bb.vc_custom_1516287379583{margin-top: -15px !important;margin-bottom: 20px !important;padding-right: 5px !important;}\u00bb] Refractarios Son materiales de diferente composici\u00f3n qu\u00edmica dise\u00f1ados con propiedades que permiten resistir altas temperaturas sin deformarse ni perder sus caracter\u00edsticas f\u00edsicas; habitualmente son usados en la [&hellip;]\" \/>\n<meta property=\"og:url\" content=\"https:\/\/sissa.com.co\/site\/productos-y-suministros\/\" \/>\n<meta property=\"og:site_name\" content=\"SIS SA Suministros Ingenieria y Soluciones\" \/>\n<meta property=\"article:modified_time\" content=\"2018-01-18T15:00:25+00:00\" \/>\n<meta name=\"twitter:card\" content=\"summary_large_image\" \/>\n<meta name=\"twitter:label1\" content=\"Tiempo de lectura\" \/>\n\t<meta name=\"twitter:data1\" content=\"3 minutos\" \/>\n<script type=\"application\/ld+json\" class=\"yoast-schema-graph\">{\"@context\":\"https:\/\/schema.org\",\"@graph\":[{\"@type\":\"WebPage\",\"@id\":\"https:\/\/sissa.com.co\/site\/productos-y-suministros\/\",\"url\":\"https:\/\/sissa.com.co\/site\/productos-y-suministros\/\",\"name\":\"Productos y Suministros - SIS SA Suministros Ingenieria y Soluciones\",\"isPartOf\":{\"@id\":\"https:\/\/sissa.com.co\/site\/#website\"},\"datePublished\":\"2017-08-12T15:53:37+00:00\",\"dateModified\":\"2018-01-18T15:00:25+00:00\",\"breadcrumb\":{\"@id\":\"https:\/\/sissa.com.co\/site\/productos-y-suministros\/#breadcrumb\"},\"inLanguage\":\"es\",\"potentialAction\":[{\"@type\":\"ReadAction\",\"target\":[\"https:\/\/sissa.com.co\/site\/productos-y-suministros\/\"]}]},{\"@type\":\"BreadcrumbList\",\"@id\":\"https:\/\/sissa.com.co\/site\/productos-y-suministros\/#breadcrumb\",\"itemListElement\":[{\"@type\":\"ListItem\",\"position\":1,\"name\":\"Home\",\"item\":\"https:\/\/sissa.com.co\/site\/\"},{\"@type\":\"ListItem\",\"position\":2,\"name\":\"Productos y Suministros\"}]},{\"@type\":\"WebSite\",\"@id\":\"https:\/\/sissa.com.co\/site\/#website\",\"url\":\"https:\/\/sissa.com.co\/site\/\",\"name\":\"SIS SA Suministros Ingenieria y Soluciones\",\"description\":\"Somos la ingenier\u00eda del aislamiento t\u00e9rmico\",\"publisher\":{\"@id\":\"https:\/\/sissa.com.co\/site\/#organization\"},\"potentialAction\":[{\"@type\":\"SearchAction\",\"target\":{\"@type\":\"EntryPoint\",\"urlTemplate\":\"https:\/\/sissa.com.co\/site\/?s={search_term_string}\"},\"query-input\":\"required name=search_term_string\"}],\"inLanguage\":\"es\"},{\"@type\":\"Organization\",\"@id\":\"https:\/\/sissa.com.co\/site\/#organization\",\"name\":\"Suministros Ingenier\u00eda y Soluciones SIS SA Medell\u00edn, Colombia | Consultor\u00eda t\u00e9cnica e instalaci\u00f3n de Aislamientos T\u00e9rmicos en bajas temperaturas con Poliuretano, medias temperaturas en Fibra de Vidrio y en Altas Temperaturas en Fibra Cer\u00e1mica, Aislamientos Ac\u00fasticos y Materiales Refractarios, Dise\u00f1o, Fabricaci\u00f3n, Montaje y Reparaci\u00f3n de Sistemas de Combusti\u00f3n, Hornos Industriales, Hornos Crematorios para Humanos y para Mascotas | V\u00e1lvulas e Incineradores | Suministros para la Ingenier\u00eda, La mejor Calidad del Pa\u00eds, Distribuidores Autorizados de Fiber Glass Colombia, Erecos Colombia, Morgan Thermal Ceramics, Lewco, Honeywell | Dise\u00f1o de Montajes Industriales en Colombia, Medell\u00edn, Cali, Bogot\u00e1, Barranquilla, Cartagena, C\u00facuta, Villavicencio, Ibagu\u00e9, Bucaramanga, Santa Marta, Pereira, Valledupar, Monter\u00eda, Pasto, Manizales, Neiva, Armenia, Popay\u00e1n, Sincelejo, Barrancabermeja\",\"url\":\"https:\/\/sissa.com.co\/site\/\",\"logo\":{\"@type\":\"ImageObject\",\"inLanguage\":\"es\",\"@id\":\"https:\/\/sissa.com.co\/site\/#\/schema\/logo\/image\/\",\"url\":\"https:\/\/sissa.com.co\/site\/wp-content\/uploads\/2018\/01\/logo_alta_sis.png\",\"contentUrl\":\"https:\/\/sissa.com.co\/site\/wp-content\/uploads\/2018\/01\/logo_alta_sis.png\",\"width\":945,\"height\":400,\"caption\":\"Suministros Ingenier\u00eda y Soluciones SIS SA Medell\u00edn, Colombia | Consultor\u00eda t\u00e9cnica e instalaci\u00f3n de Aislamientos T\u00e9rmicos en bajas temperaturas con Poliuretano, medias temperaturas en Fibra de Vidrio y en Altas Temperaturas en Fibra Cer\u00e1mica, Aislamientos Ac\u00fasticos y Materiales Refractarios, Dise\u00f1o, Fabricaci\u00f3n, Montaje y Reparaci\u00f3n de Sistemas de Combusti\u00f3n, Hornos Industriales, Hornos Crematorios para Humanos y para Mascotas | V\u00e1lvulas e Incineradores | Suministros para la Ingenier\u00eda, La mejor Calidad del Pa\u00eds, Distribuidores Autorizados de Fiber Glass Colombia, Erecos Colombia, Morgan Thermal Ceramics, Lewco, Honeywell | Dise\u00f1o de Montajes Industriales en Colombia, Medell\u00edn, Cali, Bogot\u00e1, Barranquilla, Cartagena, C\u00facuta, Villavicencio, Ibagu\u00e9, Bucaramanga, Santa Marta, Pereira, Valledupar, Monter\u00eda, Pasto, Manizales, Neiva, Armenia, Popay\u00e1n, Sincelejo, Barrancabermeja\"},\"image\":{\"@id\":\"https:\/\/sissa.com.co\/site\/#\/schema\/logo\/image\/\"}}]}<\/script>\n<!-- \/ Yoast SEO plugin. -->","yoast_head_json":{"title":"Productos y Suministros - SIS SA Suministros Ingenieria y Soluciones","robots":{"index":"noindex","follow":"follow","max-snippet":"max-snippet:-1","max-image-preview":"max-image-preview:large","max-video-preview":"max-video-preview:-1"},"og_locale":"es_ES","og_type":"article","og_title":"Productos y Suministros - SIS SA Suministros Ingenieria y Soluciones","og_description":"[vc_row type=\u00bbcontainer\u00bb padding_top=\u00bb\u00bb padding_bottom=\u00bb\u00bb css=\u00bb.vc_custom_1447263760697{margin-bottom: 0px !important;padding-top: 50px !important;}\u00bb][vc_column width=\u00bb1\/3&#8243; css=\u00bb.vc_custom_1451766709466{margin-bottom: 35px !important;}\u00bb][vc_single_image image=\u00bb71195&#8243; img_size=\u00bblarge\u00bb onclick=\u00bbcustom_link\u00bb css_animation=\u00bbbottom-to-top\u00bb link=\u00bbhttp:\/\/sissa.com.co\/site\/productos-y-suministros\/suministros-refractarios\/\u00bb css=\u00bb.vc_custom_1516287349428{border-bottom-width: 0px !important;}\u00bb][vc_column_text css=\u00bb.vc_custom_1516287379583{margin-top: -15px !important;margin-bottom: 20px !important;padding-right: 5px !important;}\u00bb] Refractarios Son materiales de diferente composici\u00f3n qu\u00edmica dise\u00f1ados con propiedades que permiten resistir altas temperaturas sin deformarse ni perder sus caracter\u00edsticas f\u00edsicas; habitualmente son usados en la [&hellip;]","og_url":"https:\/\/sissa.com.co\/site\/productos-y-suministros\/","og_site_name":"SIS SA Suministros Ingenieria y Soluciones","article_modified_time":"2018-01-18T15:00:25+00:00","twitter_card":"summary_large_image","twitter_misc":{"Tiempo de lectura":"3 minutos"},"schema":{"@context":"https:\/\/schema.org","@graph":[{"@type":"WebPage","@id":"https:\/\/sissa.com.co\/site\/productos-y-suministros\/","url":"https:\/\/sissa.com.co\/site\/productos-y-suministros\/","name":"Productos y Suministros - SIS SA Suministros Ingenieria y Soluciones","isPartOf":{"@id":"https:\/\/sissa.com.co\/site\/#website"},"datePublished":"2017-08-12T15:53:37+00:00","dateModified":"2018-01-18T15:00:25+00:00","breadcrumb":{"@id":"https:\/\/sissa.com.co\/site\/productos-y-suministros\/#breadcrumb"},"inLanguage":"es","potentialAction":[{"@type":"ReadAction","target":["https:\/\/sissa.com.co\/site\/productos-y-suministros\/"]}]},{"@type":"BreadcrumbList","@id":"https:\/\/sissa.com.co\/site\/productos-y-suministros\/#breadcrumb","itemListElement":[{"@type":"ListItem","position":1,"name":"Home","item":"https:\/\/sissa.com.co\/site\/"},{"@type":"ListItem","position":2,"name":"Productos y Suministros"}]},{"@type":"WebSite","@id":"https:\/\/sissa.com.co\/site\/#website","url":"https:\/\/sissa.com.co\/site\/","name":"SIS SA Suministros Ingenieria y Soluciones","description":"Somos la ingenier\u00eda del aislamiento t\u00e9rmico","publisher":{"@id":"https:\/\/sissa.com.co\/site\/#organization"},"potentialAction":[{"@type":"SearchAction","target":{"@type":"EntryPoint","urlTemplate":"https:\/\/sissa.com.co\/site\/?s={search_term_string}"},"query-input":"required name=search_term_string"}],"inLanguage":"es"},{"@type":"Organization","@id":"https:\/\/sissa.com.co\/site\/#organization","name":"Suministros Ingenier\u00eda y Soluciones SIS SA Medell\u00edn, Colombia | Consultor\u00eda t\u00e9cnica e instalaci\u00f3n de Aislamientos T\u00e9rmicos en bajas temperaturas con Poliuretano, medias temperaturas en Fibra de Vidrio y en Altas Temperaturas en Fibra Cer\u00e1mica, Aislamientos Ac\u00fasticos y Materiales Refractarios, Dise\u00f1o, Fabricaci\u00f3n, Montaje y Reparaci\u00f3n de Sistemas de Combusti\u00f3n, Hornos Industriales, Hornos Crematorios para Humanos y para Mascotas | V\u00e1lvulas e Incineradores | Suministros para la Ingenier\u00eda, La mejor Calidad del Pa\u00eds, Distribuidores Autorizados de Fiber Glass Colombia, Erecos Colombia, Morgan Thermal Ceramics, Lewco, Honeywell | Dise\u00f1o de Montajes Industriales en Colombia, Medell\u00edn, Cali, Bogot\u00e1, Barranquilla, Cartagena, C\u00facuta, Villavicencio, Ibagu\u00e9, Bucaramanga, Santa Marta, Pereira, Valledupar, Monter\u00eda, Pasto, Manizales, Neiva, Armenia, Popay\u00e1n, Sincelejo, Barrancabermeja","url":"https:\/\/sissa.com.co\/site\/","logo":{"@type":"ImageObject","inLanguage":"es","@id":"https:\/\/sissa.com.co\/site\/#\/schema\/logo\/image\/","url":"https:\/\/sissa.com.co\/site\/wp-content\/uploads\/2018\/01\/logo_alta_sis.png","contentUrl":"https:\/\/sissa.com.co\/site\/wp-content\/uploads\/2018\/01\/logo_alta_sis.png","width":945,"height":400,"caption":"Suministros Ingenier\u00eda y Soluciones SIS SA Medell\u00edn, Colombia | Consultor\u00eda t\u00e9cnica e instalaci\u00f3n de Aislamientos T\u00e9rmicos en bajas temperaturas con Poliuretano, medias temperaturas en Fibra de Vidrio y en Altas Temperaturas en Fibra Cer\u00e1mica, Aislamientos Ac\u00fasticos y Materiales Refractarios, Dise\u00f1o, Fabricaci\u00f3n, Montaje y Reparaci\u00f3n de Sistemas de Combusti\u00f3n, Hornos Industriales, Hornos Crematorios para Humanos y para Mascotas | V\u00e1lvulas e Incineradores | Suministros para la Ingenier\u00eda, La mejor Calidad del Pa\u00eds, Distribuidores Autorizados de Fiber Glass Colombia, Erecos Colombia, Morgan Thermal Ceramics, Lewco, Honeywell | Dise\u00f1o de Montajes Industriales en Colombia, Medell\u00edn, Cali, Bogot\u00e1, Barranquilla, Cartagena, C\u00facuta, Villavicencio, Ibagu\u00e9, Bucaramanga, Santa Marta, Pereira, Valledupar, Monter\u00eda, Pasto, Manizales, Neiva, Armenia, Popay\u00e1n, Sincelejo, Barrancabermeja"},"image":{"@id":"https:\/\/sissa.com.co\/site\/#\/schema\/logo\/image\/"}}]}},"_links":{"self":[{"href":"https:\/\/sissa.com.co\/site\/wp-json\/wp\/v2\/pages\/71065"}],"collection":[{"href":"https:\/\/sissa.com.co\/site\/wp-json\/wp\/v2\/pages"}],"about":[{"href":"https:\/\/sissa.com.co\/site\/wp-json\/wp\/v2\/types\/page"}],"author":[{"embeddable":true,"href":"https:\/\/sissa.com.co\/site\/wp-json\/wp\/v2\/users\/1"}],"replies":[{"embeddable":true,"href":"https:\/\/sissa.com.co\/site\/wp-json\/wp\/v2\/comments?post=71065"}],"version-history":[{"count":7,"href":"https:\/\/sissa.com.co\/site\/wp-json\/wp\/v2\/pages\/71065\/revisions"}],"predecessor-version":[{"id":71256,"href":"https:\/\/sissa.com.co\/site\/wp-json\/wp\/v2\/pages\/71065\/revisions\/71256"}],"wp:attachment":[{"href":"https:\/\/sissa.com.co\/site\/wp-json\/wp\/v2\/media?parent=71065"}],"curies":[{"name":"wp","href":"https:\/\/api.w.org\/{rel}","templated":true}]}}