{"id":71056,"date":"2017-08-12T10:46:21","date_gmt":"2017-08-12T15:46:21","guid":{"rendered":"http:\/\/sissa.com.co\/site\/?page_id=71056"},"modified":"2018-01-27T09:48:08","modified_gmt":"2018-01-27T14:48:08","slug":"soluciones-de-cremacion","status":"publish","type":"page","link":"https:\/\/sissa.com.co\/site\/nuestras-soluciones\/soluciones-de-cremacion\/","title":{"rendered":"Soluciones de Cremaci\u00f3n"},"content":{"rendered":"<p>[vc_row type=\u00bbcontainer\u00bb padding_top=\u00bb\u00bb padding_bottom=\u00bb\u00bb css=\u00bb.vc_custom_1449062960012{margin-bottom: 20px !important;}\u00bb][vc_column width=\u00bb1\/2&#8243;][vc_column_text]Los Hornos crematorios SIS. S.A son reconocidos por sus grandes ventajas en el sector de la previsi\u00f3n, debido a que cuentan con un dise\u00f1o que mejora los tiempos de cremaci\u00f3n y un sistema de tratamiento a los gases y emisi\u00f3n de material particulado que cumple la normatividad Colombiana de emisiones y protege el medio ambiente.[\/vc_column_text][\/vc_column][vc_column width=\u00bb1\/2&#8243;][vc_images_carousel images=\u00bb71355,71357,71358&#8243; img_size=\u00bb400&#215;267&#8243;][\/vc_column][\/vc_row][vc_row type=\u00bbcontainer\u00bb padding_top=\u00bb\u00bb padding_bottom=\u00bb\u00bb css=\u00bb.vc_custom_1444504142602{margin-bottom: 0px !important;}\u00bb][vc_column][vc_separator color=\u00bb#e2e2e2&#8243; type=\u00bbnormal\u00bb thickness=\u00bb1&#8243; up=\u00bb\u00bb down=\u00bb\u00bb el_class=\u00bbdotted\u00bb][\/vc_column][\/vc_row][vc_row type=\u00bbcontainer\u00bb padding_top=\u00bb\u00bb padding_bottom=\u00bb\u00bb][vc_column][vc_column_text]<\/p>\n<h2>Nuestras soluciones<\/h2>\n<p>En SIS S.A. podr\u00e1 encontrar las siguientes soluciones para su industria:[\/vc_column_text][\/vc_column][\/vc_row][vc_row type=\u00bbcontainer\u00bb padding_top=\u00bb\u00bb padding_bottom=\u00bb\u00bb css=\u00bb.vc_custom_1449062969962{margin-bottom: 50px !important;}\u00bb][vc_column][vc_tta_tabs style=\u00bbflat\u00bb active_section=\u00bb1&#8243;][vc_tta_section title=\u00bbHornos crematorios\u00bb tab_id=\u00bb1444300654474-2bfb86dc-fd3a9dcb-3ad6&#8243;][vc_column_text]Dise\u00f1o, fabricaci\u00f3n y puesta en funcionamiento de hornos crematorios automatizados para humanos y mascotas, con tiempos eficientes de cremaci\u00f3n que cumplen con la normatividad ambiental actual, y que son de operaci\u00f3n f\u00e1cil y segura y de bajo consumo de combustible en el proceso de combusti\u00f3n y post combusti\u00f3n de los gases. Los hornos SIS cuentan con el sistema integrado para el lavado de los gases y su sistema de extracci\u00f3n, as\u00ed como del equipo de cremulaci\u00f3n.[\/vc_column_text][\/vc_tta_section][vc_tta_section title=\u00bbMantenimientos\u00bb tab_id=\u00bb1444300654691-e081e086-5ad39dcb-3ad6&#8243;][vc_column_text]Realizaci\u00f3n de los mantenimientos peri\u00f3dicos para cambios de material refractario y de aislamiento, puesta a punto de quemadores, trenes de combusti\u00f3n, vagonetas, chimenea, ventiladores, lavador de gases y extractores.[\/vc_column_text][\/vc_tta_section][vc_tta_section title=\u00bbMedici\u00f3n de gases\u00bb tab_id=\u00bb1447253859257-00754f03-0b939dcb-3ad6&#8243;][vc_column_text]Suministro y servicio de medici\u00f3n y an\u00e1lisis de gases emitidos a la atm\u00f3sfera causados por los procesos de combusti\u00f3n, con el objetivo de verificar el cumplimiento de los hornos de la normatividad Colombiana en emisi\u00f3n de componentes al medio ambiente.[\/vc_column_text][\/vc_tta_section][vc_tta_section title=\u00bbCombusti\u00f3n\u00bb tab_id=\u00bb1516373439820-c2ab5bfe-99ea\u00bb][vc_column_text]Suministro, dise\u00f1o, mantenimiento e instalaci\u00f3n de trenes de combusti\u00f3n como tuber\u00edas de gas, aire; v\u00e1lvulas reguladoras de apertura r\u00e1pida o lenta, quemadores para calentamiento e incineraci\u00f3n: compactos, con llama rotativa y de baja y alta presi\u00f3n. Tableros de control sencillos o a prueba de explosi\u00f3n; termocuplas y termopares; ventiladores y turbinas de baja, mediana y alta presi\u00f3n.[\/vc_column_text][\/vc_tta_section][\/vc_tta_tabs][\/vc_column][\/vc_row]<\/p>\n","protected":false},"excerpt":{"rendered":"<p>[vc_row type=\u00bbcontainer\u00bb padding_top=\u00bb\u00bb padding_bottom=\u00bb\u00bb css=\u00bb.vc_custom_1449062960012{margin-bottom: 20px !important;}\u00bb][vc_column width=\u00bb1\/2&#8243;][vc_column_text]Los Hornos crematorios SIS. S.A son reconocidos por sus grandes ventajas en el sector de la previsi\u00f3n, debido a que cuentan con un dise\u00f1o que mejora los tiempos de cremaci\u00f3n y un sistema de tratamiento a los gases y emisi\u00f3n de material particulado que cumple la normatividad Colombiana [&hellip;]<\/p>\n","protected":false},"author":1,"featured_media":0,"parent":73,"menu_order":7,"comment_status":"closed","ping_status":"closed","template":"","meta":{"_monsterinsights_skip_tracking":false,"_monsterinsights_sitenote_active":false,"_monsterinsights_sitenote_note":"","_monsterinsights_sitenote_category":0},"acf":[],"yoast_head":"<!-- This site is optimized with the Yoast SEO plugin v20.6 - https:\/\/yoast.com\/wordpress\/plugins\/seo\/ -->\n<title>Soluciones de Cremaci\u00f3n - SIS SA Suministros Ingenieria y Soluciones<\/title>\n<meta name=\"robots\" content=\"noindex, follow, max-snippet:-1, max-image-preview:large, max-video-preview:-1\" \/>\n<meta property=\"og:locale\" content=\"es_ES\" \/>\n<meta property=\"og:type\" content=\"article\" \/>\n<meta property=\"og:title\" content=\"Soluciones de Cremaci\u00f3n - SIS SA Suministros Ingenieria y Soluciones\" \/>\n<meta property=\"og:description\" content=\"[vc_row type=\u00bbcontainer\u00bb padding_top=\u00bb\u00bb padding_bottom=\u00bb\u00bb css=\u00bb.vc_custom_1449062960012{margin-bottom: 20px !important;}\u00bb][vc_column width=\u00bb1\/2&#8243;][vc_column_text]Los Hornos crematorios SIS. S.A son reconocidos por sus grandes ventajas en el sector de la previsi\u00f3n, debido a que cuentan con un dise\u00f1o que mejora los tiempos de cremaci\u00f3n y un sistema de tratamiento a los gases y emisi\u00f3n de material particulado que cumple la normatividad Colombiana [&hellip;]\" \/>\n<meta property=\"og:url\" content=\"https:\/\/sissa.com.co\/site\/nuestras-soluciones\/soluciones-de-cremacion\/\" \/>\n<meta property=\"og:site_name\" content=\"SIS SA Suministros Ingenieria y Soluciones\" \/>\n<meta property=\"article:modified_time\" content=\"2018-01-27T14:48:08+00:00\" \/>\n<meta name=\"twitter:card\" content=\"summary_large_image\" \/>\n<meta name=\"twitter:label1\" content=\"Tiempo de lectura\" \/>\n\t<meta name=\"twitter:data1\" content=\"3 minutos\" \/>\n<script type=\"application\/ld+json\" class=\"yoast-schema-graph\">{\"@context\":\"https:\/\/schema.org\",\"@graph\":[{\"@type\":\"WebPage\",\"@id\":\"https:\/\/sissa.com.co\/site\/nuestras-soluciones\/soluciones-de-cremacion\/\",\"url\":\"https:\/\/sissa.com.co\/site\/nuestras-soluciones\/soluciones-de-cremacion\/\",\"name\":\"Soluciones de Cremaci\u00f3n - SIS SA Suministros Ingenieria y Soluciones\",\"isPartOf\":{\"@id\":\"https:\/\/sissa.com.co\/site\/#website\"},\"datePublished\":\"2017-08-12T15:46:21+00:00\",\"dateModified\":\"2018-01-27T14:48:08+00:00\",\"breadcrumb\":{\"@id\":\"https:\/\/sissa.com.co\/site\/nuestras-soluciones\/soluciones-de-cremacion\/#breadcrumb\"},\"inLanguage\":\"es\",\"potentialAction\":[{\"@type\":\"ReadAction\",\"target\":[\"https:\/\/sissa.com.co\/site\/nuestras-soluciones\/soluciones-de-cremacion\/\"]}]},{\"@type\":\"BreadcrumbList\",\"@id\":\"https:\/\/sissa.com.co\/site\/nuestras-soluciones\/soluciones-de-cremacion\/#breadcrumb\",\"itemListElement\":[{\"@type\":\"ListItem\",\"position\":1,\"name\":\"Home\",\"item\":\"https:\/\/sissa.com.co\/site\/\"},{\"@type\":\"ListItem\",\"position\":2,\"name\":\"Solutions\",\"item\":\"https:\/\/sissa.com.co\/site\/nuestras-soluciones\/\"},{\"@type\":\"ListItem\",\"position\":3,\"name\":\"Soluciones de Cremaci\u00f3n\"}]},{\"@type\":\"WebSite\",\"@id\":\"https:\/\/sissa.com.co\/site\/#website\",\"url\":\"https:\/\/sissa.com.co\/site\/\",\"name\":\"SIS SA Suministros Ingenieria y Soluciones\",\"description\":\"Somos la ingenier\u00eda del aislamiento t\u00e9rmico\",\"publisher\":{\"@id\":\"https:\/\/sissa.com.co\/site\/#organization\"},\"potentialAction\":[{\"@type\":\"SearchAction\",\"target\":{\"@type\":\"EntryPoint\",\"urlTemplate\":\"https:\/\/sissa.com.co\/site\/?s={search_term_string}\"},\"query-input\":\"required name=search_term_string\"}],\"inLanguage\":\"es\"},{\"@type\":\"Organization\",\"@id\":\"https:\/\/sissa.com.co\/site\/#organization\",\"name\":\"Suministros Ingenier\u00eda y Soluciones SIS SA Medell\u00edn, Colombia | Consultor\u00eda t\u00e9cnica e instalaci\u00f3n de Aislamientos T\u00e9rmicos en bajas temperaturas con Poliuretano, medias temperaturas en Fibra de Vidrio y en Altas Temperaturas en Fibra Cer\u00e1mica, Aislamientos Ac\u00fasticos y Materiales Refractarios, Dise\u00f1o, Fabricaci\u00f3n, Montaje y Reparaci\u00f3n de Sistemas de Combusti\u00f3n, Hornos Industriales, Hornos Crematorios para Humanos y para Mascotas | V\u00e1lvulas e Incineradores | Suministros para la Ingenier\u00eda, La mejor Calidad del Pa\u00eds, Distribuidores Autorizados de Fiber Glass Colombia, Erecos Colombia, Morgan Thermal Ceramics, Lewco, Honeywell | Dise\u00f1o de Montajes Industriales en Colombia, Medell\u00edn, Cali, Bogot\u00e1, Barranquilla, Cartagena, C\u00facuta, Villavicencio, Ibagu\u00e9, Bucaramanga, Santa Marta, Pereira, Valledupar, Monter\u00eda, Pasto, Manizales, Neiva, Armenia, Popay\u00e1n, Sincelejo, Barrancabermeja\",\"url\":\"https:\/\/sissa.com.co\/site\/\",\"logo\":{\"@type\":\"ImageObject\",\"inLanguage\":\"es\",\"@id\":\"https:\/\/sissa.com.co\/site\/#\/schema\/logo\/image\/\",\"url\":\"https:\/\/sissa.com.co\/site\/wp-content\/uploads\/2018\/01\/logo_alta_sis.png\",\"contentUrl\":\"https:\/\/sissa.com.co\/site\/wp-content\/uploads\/2018\/01\/logo_alta_sis.png\",\"width\":945,\"height\":400,\"caption\":\"Suministros Ingenier\u00eda y Soluciones SIS SA Medell\u00edn, Colombia | Consultor\u00eda t\u00e9cnica e instalaci\u00f3n de Aislamientos T\u00e9rmicos en bajas temperaturas con Poliuretano, medias temperaturas en Fibra de Vidrio y en Altas Temperaturas en Fibra Cer\u00e1mica, Aislamientos Ac\u00fasticos y Materiales Refractarios, Dise\u00f1o, Fabricaci\u00f3n, Montaje y Reparaci\u00f3n de Sistemas de Combusti\u00f3n, Hornos Industriales, Hornos Crematorios para Humanos y para Mascotas | V\u00e1lvulas e Incineradores | Suministros para la Ingenier\u00eda, La mejor Calidad del Pa\u00eds, Distribuidores Autorizados de Fiber Glass Colombia, Erecos Colombia, Morgan Thermal Ceramics, Lewco, Honeywell | Dise\u00f1o de Montajes Industriales en Colombia, Medell\u00edn, Cali, Bogot\u00e1, Barranquilla, Cartagena, C\u00facuta, Villavicencio, Ibagu\u00e9, Bucaramanga, Santa Marta, Pereira, Valledupar, Monter\u00eda, Pasto, Manizales, Neiva, Armenia, Popay\u00e1n, Sincelejo, Barrancabermeja\"},\"image\":{\"@id\":\"https:\/\/sissa.com.co\/site\/#\/schema\/logo\/image\/\"}}]}<\/script>\n<!-- \/ Yoast SEO plugin. -->","yoast_head_json":{"title":"Soluciones de Cremaci\u00f3n - SIS SA Suministros Ingenieria y Soluciones","robots":{"index":"noindex","follow":"follow","max-snippet":"max-snippet:-1","max-image-preview":"max-image-preview:large","max-video-preview":"max-video-preview:-1"},"og_locale":"es_ES","og_type":"article","og_title":"Soluciones de Cremaci\u00f3n - SIS SA Suministros Ingenieria y Soluciones","og_description":"[vc_row type=\u00bbcontainer\u00bb padding_top=\u00bb\u00bb padding_bottom=\u00bb\u00bb css=\u00bb.vc_custom_1449062960012{margin-bottom: 20px !important;}\u00bb][vc_column width=\u00bb1\/2&#8243;][vc_column_text]Los Hornos crematorios SIS. S.A son reconocidos por sus grandes ventajas en el sector de la previsi\u00f3n, debido a que cuentan con un dise\u00f1o que mejora los tiempos de cremaci\u00f3n y un sistema de tratamiento a los gases y emisi\u00f3n de material particulado que cumple la normatividad Colombiana [&hellip;]","og_url":"https:\/\/sissa.com.co\/site\/nuestras-soluciones\/soluciones-de-cremacion\/","og_site_name":"SIS SA Suministros Ingenieria y Soluciones","article_modified_time":"2018-01-27T14:48:08+00:00","twitter_card":"summary_large_image","twitter_misc":{"Tiempo de lectura":"3 minutos"},"schema":{"@context":"https:\/\/schema.org","@graph":[{"@type":"WebPage","@id":"https:\/\/sissa.com.co\/site\/nuestras-soluciones\/soluciones-de-cremacion\/","url":"https:\/\/sissa.com.co\/site\/nuestras-soluciones\/soluciones-de-cremacion\/","name":"Soluciones de Cremaci\u00f3n - SIS SA Suministros Ingenieria y Soluciones","isPartOf":{"@id":"https:\/\/sissa.com.co\/site\/#website"},"datePublished":"2017-08-12T15:46:21+00:00","dateModified":"2018-01-27T14:48:08+00:00","breadcrumb":{"@id":"https:\/\/sissa.com.co\/site\/nuestras-soluciones\/soluciones-de-cremacion\/#breadcrumb"},"inLanguage":"es","potentialAction":[{"@type":"ReadAction","target":["https:\/\/sissa.com.co\/site\/nuestras-soluciones\/soluciones-de-cremacion\/"]}]},{"@type":"BreadcrumbList","@id":"https:\/\/sissa.com.co\/site\/nuestras-soluciones\/soluciones-de-cremacion\/#breadcrumb","itemListElement":[{"@type":"ListItem","position":1,"name":"Home","item":"https:\/\/sissa.com.co\/site\/"},{"@type":"ListItem","position":2,"name":"Solutions","item":"https:\/\/sissa.com.co\/site\/nuestras-soluciones\/"},{"@type":"ListItem","position":3,"name":"Soluciones de Cremaci\u00f3n"}]},{"@type":"WebSite","@id":"https:\/\/sissa.com.co\/site\/#website","url":"https:\/\/sissa.com.co\/site\/","name":"SIS SA Suministros Ingenieria y Soluciones","description":"Somos la ingenier\u00eda del aislamiento t\u00e9rmico","publisher":{"@id":"https:\/\/sissa.com.co\/site\/#organization"},"potentialAction":[{"@type":"SearchAction","target":{"@type":"EntryPoint","urlTemplate":"https:\/\/sissa.com.co\/site\/?s={search_term_string}"},"query-input":"required name=search_term_string"}],"inLanguage":"es"},{"@type":"Organization","@id":"https:\/\/sissa.com.co\/site\/#organization","name":"Suministros Ingenier\u00eda y Soluciones SIS SA Medell\u00edn, Colombia | Consultor\u00eda t\u00e9cnica e instalaci\u00f3n de Aislamientos T\u00e9rmicos en bajas temperaturas con Poliuretano, medias temperaturas en Fibra de Vidrio y en Altas Temperaturas en Fibra Cer\u00e1mica, Aislamientos Ac\u00fasticos y Materiales Refractarios, Dise\u00f1o, Fabricaci\u00f3n, Montaje y Reparaci\u00f3n de Sistemas de Combusti\u00f3n, Hornos Industriales, Hornos Crematorios para Humanos y para Mascotas | V\u00e1lvulas e Incineradores | Suministros para la Ingenier\u00eda, La mejor Calidad del Pa\u00eds, Distribuidores Autorizados de Fiber Glass Colombia, Erecos Colombia, Morgan Thermal Ceramics, Lewco, Honeywell | Dise\u00f1o de Montajes Industriales en Colombia, Medell\u00edn, Cali, Bogot\u00e1, Barranquilla, Cartagena, C\u00facuta, Villavicencio, Ibagu\u00e9, Bucaramanga, Santa Marta, Pereira, Valledupar, Monter\u00eda, Pasto, Manizales, Neiva, Armenia, Popay\u00e1n, Sincelejo, Barrancabermeja","url":"https:\/\/sissa.com.co\/site\/","logo":{"@type":"ImageObject","inLanguage":"es","@id":"https:\/\/sissa.com.co\/site\/#\/schema\/logo\/image\/","url":"https:\/\/sissa.com.co\/site\/wp-content\/uploads\/2018\/01\/logo_alta_sis.png","contentUrl":"https:\/\/sissa.com.co\/site\/wp-content\/uploads\/2018\/01\/logo_alta_sis.png","width":945,"height":400,"caption":"Suministros Ingenier\u00eda y Soluciones SIS SA Medell\u00edn, Colombia | Consultor\u00eda t\u00e9cnica e instalaci\u00f3n de Aislamientos T\u00e9rmicos en bajas temperaturas con Poliuretano, medias temperaturas en Fibra de Vidrio y en Altas Temperaturas en Fibra Cer\u00e1mica, Aislamientos Ac\u00fasticos y Materiales Refractarios, Dise\u00f1o, Fabricaci\u00f3n, Montaje y Reparaci\u00f3n de Sistemas de Combusti\u00f3n, Hornos Industriales, Hornos Crematorios para Humanos y para Mascotas | V\u00e1lvulas e Incineradores | Suministros para la Ingenier\u00eda, La mejor Calidad del Pa\u00eds, Distribuidores Autorizados de Fiber Glass Colombia, Erecos Colombia, Morgan Thermal Ceramics, Lewco, Honeywell | Dise\u00f1o de Montajes Industriales en Colombia, Medell\u00edn, Cali, Bogot\u00e1, Barranquilla, Cartagena, C\u00facuta, Villavicencio, Ibagu\u00e9, Bucaramanga, Santa Marta, Pereira, Valledupar, Monter\u00eda, Pasto, Manizales, Neiva, Armenia, Popay\u00e1n, Sincelejo, Barrancabermeja"},"image":{"@id":"https:\/\/sissa.com.co\/site\/#\/schema\/logo\/image\/"}}]}},"_links":{"self":[{"href":"https:\/\/sissa.com.co\/site\/wp-json\/wp\/v2\/pages\/71056"}],"collection":[{"href":"https:\/\/sissa.com.co\/site\/wp-json\/wp\/v2\/pages"}],"about":[{"href":"https:\/\/sissa.com.co\/site\/wp-json\/wp\/v2\/types\/page"}],"author":[{"embeddable":true,"href":"https:\/\/sissa.com.co\/site\/wp-json\/wp\/v2\/users\/1"}],"replies":[{"embeddable":true,"href":"https:\/\/sissa.com.co\/site\/wp-json\/wp\/v2\/comments?post=71056"}],"version-history":[{"count":5,"href":"https:\/\/sissa.com.co\/site\/wp-json\/wp\/v2\/pages\/71056\/revisions"}],"predecessor-version":[{"id":71360,"href":"https:\/\/sissa.com.co\/site\/wp-json\/wp\/v2\/pages\/71056\/revisions\/71360"}],"up":[{"embeddable":true,"href":"https:\/\/sissa.com.co\/site\/wp-json\/wp\/v2\/pages\/73"}],"wp:attachment":[{"href":"https:\/\/sissa.com.co\/site\/wp-json\/wp\/v2\/media?parent=71056"}],"curies":[{"name":"wp","href":"https:\/\/api.w.org\/{rel}","templated":true}]}}