{"id":70741,"date":"2015-11-25T12:11:24","date_gmt":"2015-11-25T12:11:24","guid":{"rendered":"http:\/\/factory.commercegurus.com\/?page_id=70741"},"modified":"2017-08-12T11:45:37","modified_gmt":"2017-08-12T16:45:37","slug":"solicite-una-cotizacion","status":"publish","type":"page","link":"https:\/\/sissa.com.co\/site\/solicite-una-cotizacion\/","title":{"rendered":"Solicite una cotizaci\u00f3n"},"content":{"rendered":"<p>[vc_row type=\u00bbcontainer\u00bb padding_top=\u00bb\u00bb padding_bottom=\u00bb\u00bb css=\u00bb.vc_custom_1451759148890{margin-top: 30px !important;margin-bottom: 60px !important;}\u00bb][vc_column width=\u00bb2\/3&#8243;][vc_column_text]<\/p>\n<h3>\u00bfNecesitas ayuda? Solo tienes que llenar el siguiente formulario:<\/h3>\n<p>[\/vc_column_text]\n<div class=\"wpcf7 no-js\" id=\"wpcf7-f70744-o1\" lang=\"en-US\" dir=\"ltr\">\n<div class=\"screen-reader-response\"><p role=\"status\" aria-live=\"polite\" aria-atomic=\"true\"><\/p> <ul><\/ul><\/div>\n<form action=\"\/site\/wp-json\/wp\/v2\/pages\/70741#wpcf7-f70744-o1\" method=\"post\" class=\"wpcf7-form init\" aria-label=\"Contact form\" novalidate=\"novalidate\" data-status=\"init\">\n<div style=\"display: none;\">\n<input type=\"hidden\" name=\"_wpcf7\" value=\"70744\" \/>\n<input type=\"hidden\" name=\"_wpcf7_version\" value=\"5.7.6\" \/>\n<input type=\"hidden\" name=\"_wpcf7_locale\" value=\"en_US\" \/>\n<input type=\"hidden\" name=\"_wpcf7_unit_tag\" value=\"wpcf7-f70744-o1\" \/>\n<input type=\"hidden\" name=\"_wpcf7_container_post\" value=\"0\" \/>\n<input type=\"hidden\" name=\"_wpcf7_posted_data_hash\" value=\"\" \/>\n<\/div>\n<div class=\"row\">\n\t<div class=\"col-lg-6 col-md-6\">\n\t\t<p>Nombre (requerido)\n\t\t<\/p>\n\t\t<p><span class=\"wpcf7-form-control-wrap\" data-name=\"your-name\"><input size=\"40\" class=\"wpcf7-form-control wpcf7-text wpcf7-validates-as-required\" aria-required=\"true\" aria-invalid=\"false\" value=\"\" type=\"text\" name=\"your-name\" \/><\/span>\n\t\t<\/p>\n\t\t<p>Correo electr\u00f3nico (requerido)\n\t\t<\/p>\n\t\t<p><span class=\"wpcf7-form-control-wrap\" data-name=\"your-email\"><input size=\"40\" class=\"wpcf7-form-control wpcf7-text wpcf7-email wpcf7-validates-as-required wpcf7-validates-as-email\" aria-required=\"true\" aria-invalid=\"false\" value=\"\" type=\"email\" name=\"your-email\" \/><\/span>\n\t\t<\/p>\n\t\t<p>N\u00famero telef\u00f3nico\n\t\t<\/p>\n\t\t<p><span class=\"wpcf7-form-control-wrap\" data-name=\"your-phone\"><input size=\"40\" class=\"wpcf7-form-control wpcf7-text wpcf7-tel wpcf7-validates-as-tel\" aria-invalid=\"false\" value=\"\" type=\"tel\" name=\"your-phone\" \/><\/span>\n\t\t<\/p>\n\t\t<p>Empresa\n\t\t<\/p>\n\t\t<p><span class=\"wpcf7-form-control-wrap\" data-name=\"company-name\"><input size=\"40\" class=\"wpcf7-form-control wpcf7-text\" aria-invalid=\"false\" value=\"\" type=\"text\" name=\"company-name\" \/><\/span>\n\t\t<\/p>\n\t<\/div>\n\t<div class=\"col-lg-6 col-md-6\">\n\t\t<p>Nombre su proyecto\n\t\t<\/p>\n\t\t<p><span class=\"wpcf7-form-control-wrap\" data-name=\"project-title\"><input size=\"40\" class=\"wpcf7-form-control wpcf7-text\" aria-invalid=\"false\" value=\"\" type=\"text\" name=\"project-title\" \/><\/span>\n\t\t<\/p>\n\t\t<p>Su requerimiento\n\t\t<\/p>\n\t\t<p><span class=\"wpcf7-form-control-wrap\" data-name=\"your-requirements\"><textarea cols=\"40\" rows=\"10\" class=\"wpcf7-form-control wpcf7-textarea\" aria-invalid=\"false\" name=\"your-requirements\"><\/textarea><\/span>\n\t\t<\/p>\n\t<\/div>\n<\/div>\n<p><input class=\"wpcf7-form-control has-spinner wpcf7-submit\" type=\"submit\" value=\"Enviar Solicitud\" \/>\n<\/p><p style=\"display: none !important;\"><label>&#916;<textarea name=\"_wpcf7_ak_hp_textarea\" cols=\"45\" rows=\"8\" maxlength=\"100\"><\/textarea><\/label><input type=\"hidden\" id=\"ak_js_1\" name=\"_wpcf7_ak_js\" value=\"60\"\/><script>document.getElementById( \"ak_js_1\" ).setAttribute( \"value\", ( new Date() ).getTime() );<\/script><\/p><div class=\"wpcf7-response-output\" aria-hidden=\"true\"><\/div>\n<\/form>\n<\/div>\n[\/vc_column][vc_column width=\u00bb1\/3&#8243; el_class=\u00bb.pl-40&#8243;][vc_column_text]<\/p>\n<h3>En SIS SA le brindaremos:<\/h3>\n<p>[\/vc_column_text][vc_separator color=\u00bb#e2e2e2&#8243; type=\u00bbnormal\u00bb thickness=\u00bb1&#8243; up=\u00bb\u00bb down=\u00bb18&#8243;][vc_column_text css_animation=\u00bbbottom-to-top\u00bb css=\u00bb.vc_custom_1502556190429{margin-bottom: 20px !important;}\u00bb]<\/p>\n<p class=\"with-icon\"><i class=\"ion-ios-telephone-outline\"><\/i> Una llamada telef\u00f3nica de uno de nuestros consultores de negocios.<\/p>\n<p>[\/vc_column_text][vc_separator color=\u00bb#e2e2e2&#8243; type=\u00bbnormal\u00bb thickness=\u00bb1&#8243; up=\u00bb\u00bb down=\u00bb18&#8243;][vc_column_text css_animation=\u00bbbottom-to-top\u00bb css=\u00bb.vc_custom_1502556219090{margin-bottom: 20px !important;}\u00bb]<\/p>\n<p class=\"with-icon\"><i class=\"ion-ios-calculator-outline\"><\/i> Una estimaci\u00f3n de costo de su proyecto o suministros solicitados.<\/p>\n<p>[\/vc_column_text][vc_separator color=\u00bb#e2e2e2&#8243; type=\u00bbnormal\u00bb thickness=\u00bb1&#8243; up=\u00bb\u00bb down=\u00bb18&#8243;][vc_column_text css_animation=\u00bbbottom-to-top\u00bb css=\u00bb.vc_custom_1502556256781{margin-bottom: 20px !important;}\u00bb]<\/p>\n<p class=\"with-icon\"><i class=\"ion-ios-person-outline\"><\/i> Una visita t\u00e9cnica o reuni\u00f3n personal para asesorarle sobre los detalles m\u00e1s precisos de su negocio.<\/p>\n<p>[\/vc_column_text][vc_separator color=\u00bb#e2e2e2&#8243; type=\u00bbnormal\u00bb thickness=\u00bb1&#8243; up=\u00bb\u00bb down=\u00bb18&#8243;][vc_column_text css_animation=\u00bbbottom-to-top\u00bb css=\u00bb.vc_custom_1502556334210{margin-bottom: 20px !important;}\u00bb]<\/p>\n<p class=\"with-icon\"><i class=\"ion-ios-locked-outline\"><\/i> Garant\u00eda en la calidad de nuestros servicios y 100% de privacidad en la informaci\u00f3n brindada.<\/p>\n<p>[\/vc_column_text][\/vc_column][\/vc_row]<\/p>\n","protected":false},"excerpt":{"rendered":"<p>[vc_row type=\u00bbcontainer\u00bb padding_top=\u00bb\u00bb padding_bottom=\u00bb\u00bb css=\u00bb.vc_custom_1451759148890{margin-top: 30px !important;margin-bottom: 60px !important;}\u00bb][vc_column width=\u00bb2\/3&#8243;][vc_column_text] \u00bfNecesitas ayuda? Solo tienes que llenar el siguiente formulario: [\/vc_column_text][\/vc_column][vc_column width=\u00bb1\/3&#8243; el_class=\u00bb.pl-40&#8243;][vc_column_text] En SIS SA le brindaremos: [\/vc_column_text][vc_separator color=\u00bb#e2e2e2&#8243; type=\u00bbnormal\u00bb thickness=\u00bb1&#8243; up=\u00bb\u00bb down=\u00bb18&#8243;][vc_column_text css_animation=\u00bbbottom-to-top\u00bb css=\u00bb.vc_custom_1502556190429{margin-bottom: 20px !important;}\u00bb] Una llamada telef\u00f3nica de uno de nuestros consultores de negocios. [\/vc_column_text][vc_separator color=\u00bb#e2e2e2&#8243; type=\u00bbnormal\u00bb thickness=\u00bb1&#8243; up=\u00bb\u00bb down=\u00bb18&#8243;][vc_column_text css_animation=\u00bbbottom-to-top\u00bb css=\u00bb.vc_custom_1502556219090{margin-bottom: [&hellip;]<\/p>\n","protected":false},"author":1,"featured_media":70784,"parent":0,"menu_order":0,"comment_status":"closed","ping_status":"closed","template":"page-full-width.php","meta":{"_monsterinsights_skip_tracking":false,"_monsterinsights_sitenote_active":false,"_monsterinsights_sitenote_note":"","_monsterinsights_sitenote_category":0},"acf":[],"yoast_head":"<!-- This site is optimized with the Yoast SEO plugin v20.6 - https:\/\/yoast.com\/wordpress\/plugins\/seo\/ -->\n<title>Solicite una cotizaci\u00f3n - SIS SA Suministros Ingenieria y Soluciones<\/title>\n<meta name=\"robots\" content=\"noindex, follow, max-snippet:-1, max-image-preview:large, max-video-preview:-1\" \/>\n<meta property=\"og:locale\" content=\"es_ES\" \/>\n<meta property=\"og:type\" content=\"article\" \/>\n<meta property=\"og:title\" content=\"Solicite una cotizaci\u00f3n - SIS SA Suministros Ingenieria y Soluciones\" \/>\n<meta property=\"og:description\" content=\"[vc_row type=\u00bbcontainer\u00bb padding_top=\u00bb\u00bb padding_bottom=\u00bb\u00bb css=\u00bb.vc_custom_1451759148890{margin-top: 30px !important;margin-bottom: 60px !important;}\u00bb][vc_column width=\u00bb2\/3&#8243;][vc_column_text] \u00bfNecesitas ayuda? Solo tienes que llenar el siguiente formulario: [\/vc_column_text][\/vc_column][vc_column width=\u00bb1\/3&#8243; el_class=\u00bb.pl-40&#8243;][vc_column_text] En SIS SA le brindaremos: [\/vc_column_text][vc_separator color=\u00bb#e2e2e2&#8243; type=\u00bbnormal\u00bb thickness=\u00bb1&#8243; up=\u00bb\u00bb down=\u00bb18&#8243;][vc_column_text css_animation=\u00bbbottom-to-top\u00bb css=\u00bb.vc_custom_1502556190429{margin-bottom: 20px !important;}\u00bb] Una llamada telef\u00f3nica de uno de nuestros consultores de negocios. [\/vc_column_text][vc_separator color=\u00bb#e2e2e2&#8243; type=\u00bbnormal\u00bb thickness=\u00bb1&#8243; up=\u00bb\u00bb down=\u00bb18&#8243;][vc_column_text css_animation=\u00bbbottom-to-top\u00bb css=\u00bb.vc_custom_1502556219090{margin-bottom: [&hellip;]\" \/>\n<meta property=\"og:url\" content=\"https:\/\/sissa.com.co\/site\/solicite-una-cotizacion\/\" \/>\n<meta property=\"og:site_name\" content=\"SIS SA Suministros Ingenieria y Soluciones\" \/>\n<meta property=\"article:modified_time\" content=\"2017-08-12T16:45:37+00:00\" \/>\n<meta name=\"twitter:card\" content=\"summary_large_image\" \/>\n<meta name=\"twitter:label1\" content=\"Tiempo de lectura\" \/>\n\t<meta name=\"twitter:data1\" content=\"1 minuto\" \/>\n<script type=\"application\/ld+json\" class=\"yoast-schema-graph\">{\"@context\":\"https:\/\/schema.org\",\"@graph\":[{\"@type\":\"WebPage\",\"@id\":\"https:\/\/sissa.com.co\/site\/solicite-una-cotizacion\/\",\"url\":\"https:\/\/sissa.com.co\/site\/solicite-una-cotizacion\/\",\"name\":\"Solicite una cotizaci\u00f3n - SIS SA Suministros Ingenieria y Soluciones\",\"isPartOf\":{\"@id\":\"https:\/\/sissa.com.co\/site\/#website\"},\"datePublished\":\"2015-11-25T12:11:24+00:00\",\"dateModified\":\"2017-08-12T16:45:37+00:00\",\"breadcrumb\":{\"@id\":\"https:\/\/sissa.com.co\/site\/solicite-una-cotizacion\/#breadcrumb\"},\"inLanguage\":\"es\",\"potentialAction\":[{\"@type\":\"ReadAction\",\"target\":[\"https:\/\/sissa.com.co\/site\/solicite-una-cotizacion\/\"]}]},{\"@type\":\"BreadcrumbList\",\"@id\":\"https:\/\/sissa.com.co\/site\/solicite-una-cotizacion\/#breadcrumb\",\"itemListElement\":[{\"@type\":\"ListItem\",\"position\":1,\"name\":\"Home\",\"item\":\"https:\/\/sissa.com.co\/site\/\"},{\"@type\":\"ListItem\",\"position\":2,\"name\":\"Solicite una cotizaci\u00f3n\"}]},{\"@type\":\"WebSite\",\"@id\":\"https:\/\/sissa.com.co\/site\/#website\",\"url\":\"https:\/\/sissa.com.co\/site\/\",\"name\":\"SIS SA Suministros Ingenieria y Soluciones\",\"description\":\"Somos la ingenier\u00eda del aislamiento t\u00e9rmico\",\"publisher\":{\"@id\":\"https:\/\/sissa.com.co\/site\/#organization\"},\"potentialAction\":[{\"@type\":\"SearchAction\",\"target\":{\"@type\":\"EntryPoint\",\"urlTemplate\":\"https:\/\/sissa.com.co\/site\/?s={search_term_string}\"},\"query-input\":\"required name=search_term_string\"}],\"inLanguage\":\"es\"},{\"@type\":\"Organization\",\"@id\":\"https:\/\/sissa.com.co\/site\/#organization\",\"name\":\"Suministros Ingenier\u00eda y Soluciones SIS SA Medell\u00edn, Colombia | Consultor\u00eda t\u00e9cnica e instalaci\u00f3n de Aislamientos T\u00e9rmicos en bajas temperaturas con Poliuretano, medias temperaturas en Fibra de Vidrio y en Altas Temperaturas en Fibra Cer\u00e1mica, Aislamientos Ac\u00fasticos y Materiales Refractarios, Dise\u00f1o, Fabricaci\u00f3n, Montaje y Reparaci\u00f3n de Sistemas de Combusti\u00f3n, Hornos Industriales, Hornos Crematorios para Humanos y para Mascotas | V\u00e1lvulas e Incineradores | Suministros para la Ingenier\u00eda, La mejor Calidad del Pa\u00eds, Distribuidores Autorizados de Fiber Glass Colombia, Erecos Colombia, Morgan Thermal Ceramics, Lewco, Honeywell | Dise\u00f1o de Montajes Industriales en Colombia, Medell\u00edn, Cali, Bogot\u00e1, Barranquilla, Cartagena, C\u00facuta, Villavicencio, Ibagu\u00e9, Bucaramanga, Santa Marta, Pereira, Valledupar, Monter\u00eda, Pasto, Manizales, Neiva, Armenia, Popay\u00e1n, Sincelejo, Barrancabermeja\",\"url\":\"https:\/\/sissa.com.co\/site\/\",\"logo\":{\"@type\":\"ImageObject\",\"inLanguage\":\"es\",\"@id\":\"https:\/\/sissa.com.co\/site\/#\/schema\/logo\/image\/\",\"url\":\"https:\/\/sissa.com.co\/site\/wp-content\/uploads\/2018\/01\/logo_alta_sis.png\",\"contentUrl\":\"https:\/\/sissa.com.co\/site\/wp-content\/uploads\/2018\/01\/logo_alta_sis.png\",\"width\":945,\"height\":400,\"caption\":\"Suministros Ingenier\u00eda y Soluciones SIS SA Medell\u00edn, Colombia | Consultor\u00eda t\u00e9cnica e instalaci\u00f3n de Aislamientos T\u00e9rmicos en bajas temperaturas con Poliuretano, medias temperaturas en Fibra de Vidrio y en Altas Temperaturas en Fibra Cer\u00e1mica, Aislamientos Ac\u00fasticos y Materiales Refractarios, Dise\u00f1o, Fabricaci\u00f3n, Montaje y Reparaci\u00f3n de Sistemas de Combusti\u00f3n, Hornos Industriales, Hornos Crematorios para Humanos y para Mascotas | V\u00e1lvulas e Incineradores | Suministros para la Ingenier\u00eda, La mejor Calidad del Pa\u00eds, Distribuidores Autorizados de Fiber Glass Colombia, Erecos Colombia, Morgan Thermal Ceramics, Lewco, Honeywell | Dise\u00f1o de Montajes Industriales en Colombia, Medell\u00edn, Cali, Bogot\u00e1, Barranquilla, Cartagena, C\u00facuta, Villavicencio, Ibagu\u00e9, Bucaramanga, Santa Marta, Pereira, Valledupar, Monter\u00eda, Pasto, Manizales, Neiva, Armenia, Popay\u00e1n, Sincelejo, Barrancabermeja\"},\"image\":{\"@id\":\"https:\/\/sissa.com.co\/site\/#\/schema\/logo\/image\/\"}}]}<\/script>\n<!-- \/ Yoast SEO plugin. -->","yoast_head_json":{"title":"Solicite una cotizaci\u00f3n - SIS SA Suministros Ingenieria y Soluciones","robots":{"index":"noindex","follow":"follow","max-snippet":"max-snippet:-1","max-image-preview":"max-image-preview:large","max-video-preview":"max-video-preview:-1"},"og_locale":"es_ES","og_type":"article","og_title":"Solicite una cotizaci\u00f3n - SIS SA Suministros Ingenieria y Soluciones","og_description":"[vc_row type=\u00bbcontainer\u00bb padding_top=\u00bb\u00bb padding_bottom=\u00bb\u00bb css=\u00bb.vc_custom_1451759148890{margin-top: 30px !important;margin-bottom: 60px !important;}\u00bb][vc_column width=\u00bb2\/3&#8243;][vc_column_text] \u00bfNecesitas ayuda? Solo tienes que llenar el siguiente formulario: [\/vc_column_text][\/vc_column][vc_column width=\u00bb1\/3&#8243; el_class=\u00bb.pl-40&#8243;][vc_column_text] En SIS SA le brindaremos: [\/vc_column_text][vc_separator color=\u00bb#e2e2e2&#8243; type=\u00bbnormal\u00bb thickness=\u00bb1&#8243; up=\u00bb\u00bb down=\u00bb18&#8243;][vc_column_text css_animation=\u00bbbottom-to-top\u00bb css=\u00bb.vc_custom_1502556190429{margin-bottom: 20px !important;}\u00bb] Una llamada telef\u00f3nica de uno de nuestros consultores de negocios. [\/vc_column_text][vc_separator color=\u00bb#e2e2e2&#8243; type=\u00bbnormal\u00bb thickness=\u00bb1&#8243; up=\u00bb\u00bb down=\u00bb18&#8243;][vc_column_text css_animation=\u00bbbottom-to-top\u00bb css=\u00bb.vc_custom_1502556219090{margin-bottom: [&hellip;]","og_url":"https:\/\/sissa.com.co\/site\/solicite-una-cotizacion\/","og_site_name":"SIS SA Suministros Ingenieria y Soluciones","article_modified_time":"2017-08-12T16:45:37+00:00","twitter_card":"summary_large_image","twitter_misc":{"Tiempo de lectura":"1 minuto"},"schema":{"@context":"https:\/\/schema.org","@graph":[{"@type":"WebPage","@id":"https:\/\/sissa.com.co\/site\/solicite-una-cotizacion\/","url":"https:\/\/sissa.com.co\/site\/solicite-una-cotizacion\/","name":"Solicite una cotizaci\u00f3n - SIS SA Suministros Ingenieria y Soluciones","isPartOf":{"@id":"https:\/\/sissa.com.co\/site\/#website"},"datePublished":"2015-11-25T12:11:24+00:00","dateModified":"2017-08-12T16:45:37+00:00","breadcrumb":{"@id":"https:\/\/sissa.com.co\/site\/solicite-una-cotizacion\/#breadcrumb"},"inLanguage":"es","potentialAction":[{"@type":"ReadAction","target":["https:\/\/sissa.com.co\/site\/solicite-una-cotizacion\/"]}]},{"@type":"BreadcrumbList","@id":"https:\/\/sissa.com.co\/site\/solicite-una-cotizacion\/#breadcrumb","itemListElement":[{"@type":"ListItem","position":1,"name":"Home","item":"https:\/\/sissa.com.co\/site\/"},{"@type":"ListItem","position":2,"name":"Solicite una cotizaci\u00f3n"}]},{"@type":"WebSite","@id":"https:\/\/sissa.com.co\/site\/#website","url":"https:\/\/sissa.com.co\/site\/","name":"SIS SA Suministros Ingenieria y Soluciones","description":"Somos la ingenier\u00eda del aislamiento t\u00e9rmico","publisher":{"@id":"https:\/\/sissa.com.co\/site\/#organization"},"potentialAction":[{"@type":"SearchAction","target":{"@type":"EntryPoint","urlTemplate":"https:\/\/sissa.com.co\/site\/?s={search_term_string}"},"query-input":"required name=search_term_string"}],"inLanguage":"es"},{"@type":"Organization","@id":"https:\/\/sissa.com.co\/site\/#organization","name":"Suministros Ingenier\u00eda y Soluciones SIS SA Medell\u00edn, Colombia | Consultor\u00eda t\u00e9cnica e instalaci\u00f3n de Aislamientos T\u00e9rmicos en bajas temperaturas con Poliuretano, medias temperaturas en Fibra de Vidrio y en Altas Temperaturas en Fibra Cer\u00e1mica, Aislamientos Ac\u00fasticos y Materiales Refractarios, Dise\u00f1o, Fabricaci\u00f3n, Montaje y Reparaci\u00f3n de Sistemas de Combusti\u00f3n, Hornos Industriales, Hornos Crematorios para Humanos y para Mascotas | V\u00e1lvulas e Incineradores | Suministros para la Ingenier\u00eda, La mejor Calidad del Pa\u00eds, Distribuidores Autorizados de Fiber Glass Colombia, Erecos Colombia, Morgan Thermal Ceramics, Lewco, Honeywell | Dise\u00f1o de Montajes Industriales en Colombia, Medell\u00edn, Cali, Bogot\u00e1, Barranquilla, Cartagena, C\u00facuta, Villavicencio, Ibagu\u00e9, Bucaramanga, Santa Marta, Pereira, Valledupar, Monter\u00eda, Pasto, Manizales, Neiva, Armenia, Popay\u00e1n, Sincelejo, Barrancabermeja","url":"https:\/\/sissa.com.co\/site\/","logo":{"@type":"ImageObject","inLanguage":"es","@id":"https:\/\/sissa.com.co\/site\/#\/schema\/logo\/image\/","url":"https:\/\/sissa.com.co\/site\/wp-content\/uploads\/2018\/01\/logo_alta_sis.png","contentUrl":"https:\/\/sissa.com.co\/site\/wp-content\/uploads\/2018\/01\/logo_alta_sis.png","width":945,"height":400,"caption":"Suministros Ingenier\u00eda y Soluciones SIS SA Medell\u00edn, Colombia | Consultor\u00eda t\u00e9cnica e instalaci\u00f3n de Aislamientos T\u00e9rmicos en bajas temperaturas con Poliuretano, medias temperaturas en Fibra de Vidrio y en Altas Temperaturas en Fibra Cer\u00e1mica, Aislamientos Ac\u00fasticos y Materiales Refractarios, Dise\u00f1o, Fabricaci\u00f3n, Montaje y Reparaci\u00f3n de Sistemas de Combusti\u00f3n, Hornos Industriales, Hornos Crematorios para Humanos y para Mascotas | V\u00e1lvulas e Incineradores | Suministros para la Ingenier\u00eda, La mejor Calidad del Pa\u00eds, Distribuidores Autorizados de Fiber Glass Colombia, Erecos Colombia, Morgan Thermal Ceramics, Lewco, Honeywell | Dise\u00f1o de Montajes Industriales en Colombia, Medell\u00edn, Cali, Bogot\u00e1, Barranquilla, Cartagena, C\u00facuta, Villavicencio, Ibagu\u00e9, Bucaramanga, Santa Marta, Pereira, Valledupar, Monter\u00eda, Pasto, Manizales, Neiva, Armenia, Popay\u00e1n, Sincelejo, Barrancabermeja"},"image":{"@id":"https:\/\/sissa.com.co\/site\/#\/schema\/logo\/image\/"}}]}},"_links":{"self":[{"href":"https:\/\/sissa.com.co\/site\/wp-json\/wp\/v2\/pages\/70741"}],"collection":[{"href":"https:\/\/sissa.com.co\/site\/wp-json\/wp\/v2\/pages"}],"about":[{"href":"https:\/\/sissa.com.co\/site\/wp-json\/wp\/v2\/types\/page"}],"author":[{"embeddable":true,"href":"https:\/\/sissa.com.co\/site\/wp-json\/wp\/v2\/users\/1"}],"replies":[{"embeddable":true,"href":"https:\/\/sissa.com.co\/site\/wp-json\/wp\/v2\/comments?post=70741"}],"version-history":[{"count":3,"href":"https:\/\/sissa.com.co\/site\/wp-json\/wp\/v2\/pages\/70741\/revisions"}],"predecessor-version":[{"id":71087,"href":"https:\/\/sissa.com.co\/site\/wp-json\/wp\/v2\/pages\/70741\/revisions\/71087"}],"wp:featuredmedia":[{"embeddable":true,"href":"https:\/\/sissa.com.co\/site\/wp-json\/"}],"wp:attachment":[{"href":"https:\/\/sissa.com.co\/site\/wp-json\/wp\/v2\/media?parent=70741"}],"curies":[{"name":"wp","href":"https:\/\/api.w.org\/{rel}","templated":true}]}}