{"id":67,"date":"2015-10-07T17:11:24","date_gmt":"2015-10-07T17:11:24","guid":{"rendered":"http:\/\/broker.commercegurus.com\/?page_id=67"},"modified":"2021-11-24T09:58:42","modified_gmt":"2021-11-24T14:58:42","slug":"contactenos","status":"publish","type":"page","link":"https:\/\/sissa.com.co\/site\/contactenos\/","title":{"rendered":"Cont\u00e1ctenos"},"content":{"rendered":"<p>[vc_row type=\u00bbcontainer\u00bb padding_top=\u00bb\u00bb padding_bottom=\u00bb\u00bb css=\u00bb.vc_custom_1451776271409{margin-top: 50px !important;margin-bottom: 20px !important;}\u00bb][vc_column width=\u00bb1\/3&#8243;][vc_column_text css=\u00bb.vc_custom_1502635013610{margin-bottom: 0px !important;padding-top: 15px !important;padding-right: 20px !important;padding-bottom: 15px !important;padding-left: 20px !important;background-color: #e44832 !important;}\u00bb]<span style=\"color: #ffffff;\"><i class=\"ion-ios-chatboxes-outline\" style=\"font-size: 24px; position: relative; bottom: -3px;\"><\/i> \u00a0 <strong>Ll\u00e1menos<\/strong><\/span>[\/vc_column_text][vc_column_text css=\u00bb.vc_custom_1637765851446{padding-top: 18px !important;padding-right: 20px !important;padding-bottom: 25px !important;padding-left: 20px !important;background-color: #f3f3f3 !important;}\u00bb]<span style=\"color: #000000;\">Estamos disponibles v\u00eda telef\u00f3nica de 7:00 AM a 5:00 PM (COL) de lunes a viernes. (No aplica d\u00edas festivos)<\/span><\/p>\n<p><strong><span style=\"color: #000000;\">PBX: <a style=\"color: #000000;\" href=\"#\">(604) 444 1804<\/a><\/span><\/strong><br \/>\n<strong><span style=\"color: #000000;\">Medell\u00edn: <a style=\"color: #000000;\" href=\"#\">(+57) 314 789 1636<\/a><\/span><\/strong><br \/>\n<strong><span style=\"color: #000000;\">Bogot\u00e1: <a style=\"color: #000000;\" href=\"#\">(+57) 300 515 1253<\/a><\/span><\/strong><br \/>\n<strong><span style=\"color: #000000;\">Cartagena: <a style=\"color: #000000;\" href=\"#\">(+57) 320 609 9335<\/a><\/span><\/strong>[\/vc_column_text][\/vc_column][vc_column width=\u00bb1\/3&#8243;][vc_column_text css=\u00bb.vc_custom_1502634614298{margin-bottom: 0px !important;padding-top: 15px !important;padding-right: 20px !important;padding-bottom: 15px !important;padding-left: 20px !important;background-color: #e44832 !important;}\u00bb]<span style=\"color: #ffffff;\"><i class=\"ion-ios-email-outline\" style=\"font-size: 24px; position: relative; bottom: -3px;\"><\/i> \u00a0 <strong>Escr\u00edbanos<\/strong><\/span>[\/vc_column_text][vc_column_text css=\u00bb.vc_custom_1502634897684{padding-top: 18px !important;padding-right: 20px !important;padding-bottom: 25px !important;padding-left: 20px !important;background-color: #f3f3f3 !important;}\u00bb]<span style=\"color: #000000;\">Si tiene alguna pregunta sobre los servicios o suministros de SIS SA, puede enviarnos un correo electr\u00f3nico directamente. Le contestaremos en el plazo de 6 a 12 horas:<\/span><\/p>\n<p><strong><span style=\"color: #000000;\">Email: <a style=\"color: #000000;\" href=\"#\">comercial@sissa.com.co<\/a><\/span><\/strong>[\/vc_column_text][\/vc_column][vc_column width=\u00bb1\/3&#8243;][vc_column_text css=\u00bb.vc_custom_1502634626939{margin-bottom: 0px !important;padding-top: 15px !important;padding-right: 20px !important;padding-bottom: 15px !important;padding-left: 20px !important;background-color: #e44832 !important;}\u00bb]<span style=\"color: #ffffff;\"><i class=\"ion-ios-location-outline\" style=\"font-size: 24px; position: relative; bottom: -3px;\"><\/i> \u00a0 <strong>Vis\u00edtenos<\/strong><\/span>[\/vc_column_text][vc_column_text css=\u00bb.vc_custom_1637765917807{padding-top: 18px !important;padding-right: 20px !important;padding-bottom: 25px !important;padding-left: 20px !important;background-color: #f3f3f3 !important;}\u00bb]<span style=\"color: #000000;\">\u00bfDesea realizar una visita t\u00e9cnica con uno de nuestros asesores? Con gusto le atenderemos. Comun\u00edquese previamente a la l\u00ednea <strong>(604) 444 18 04<\/strong><\/span><\/p>\n<p><strong><span style=\"color: #000000;\">Direcci\u00f3n: CRA 51B #12 SUR 72<\/span><\/strong>[\/vc_column_text][\/vc_column][\/vc_row][vc_row type=\u00bbcontainer\u00bb padding_top=\u00bb\u00bb padding_bottom=\u00bb\u00bb css=\u00bb.vc_custom_1448451830391{margin-bottom: 15px !important;}\u00bb][vc_column][vc_separator color=\u00bb#eeeeee\u00bb type=\u00bbnormal\u00bb thickness=\u00bb1&#8243; up=\u00bb\u00bb down=\u00bb\u00bb style=\u00bb\u00bb el_width=\u00bb\u00bb][\/vc_column][\/vc_row][vc_row type=\u00bbcontainer\u00bb padding_top=\u00bb\u00bb padding_bottom=\u00bb\u00bb css=\u00bb.vc_custom_1451759375078{margin-bottom: 20px !important;}\u00bb][vc_column width=\u00bb1\/6&#8243;][\/vc_column][vc_column width=\u00bb2\/3&#8243;][vc_column_text]<\/p>\n<h3 style=\"text-align: center;\">D\u00e9janos un mensaje<\/h3>\n<p style=\"text-align: center;\">Si tiene alguna pregunta sobre los servicios o productos que brindamos, use el siguiente formulario. Responderemos a todas las consultas y comentarios en 24 horas:<\/p>\n<p>[\/vc_column_text][\/vc_column][vc_column width=\u00bb1\/6&#8243;][\/vc_column][\/vc_row][vc_row type=\u00bbcontainer\u00bb padding_top=\u00bb\u00bb padding_bottom=\u00bb\u00bb css=\u00bb.vc_custom_1448452133315{margin-bottom: 0px !important;}\u00bb][vc_column css=\u00bb.vc_custom_1445110591475{margin-bottom: 35px !important;padding-right: 25px !important;}\u00bb]\n<div class=\"wpcf7 no-js\" id=\"wpcf7-f70622-o1\" lang=\"en-US\" dir=\"ltr\">\n<div class=\"screen-reader-response\"><p role=\"status\" aria-live=\"polite\" aria-atomic=\"true\"><\/p> <ul><\/ul><\/div>\n<form action=\"\/site\/wp-json\/wp\/v2\/pages\/67#wpcf7-f70622-o1\" method=\"post\" class=\"wpcf7-form init\" aria-label=\"Contact form\" novalidate=\"novalidate\" data-status=\"init\">\n<div style=\"display: none;\">\n<input type=\"hidden\" name=\"_wpcf7\" value=\"70622\" \/>\n<input type=\"hidden\" name=\"_wpcf7_version\" value=\"5.7.6\" \/>\n<input type=\"hidden\" name=\"_wpcf7_locale\" value=\"en_US\" \/>\n<input type=\"hidden\" name=\"_wpcf7_unit_tag\" value=\"wpcf7-f70622-o1\" \/>\n<input type=\"hidden\" name=\"_wpcf7_container_post\" value=\"0\" \/>\n<input type=\"hidden\" name=\"_wpcf7_posted_data_hash\" value=\"\" \/>\n<\/div>\n<div class=\"row\">\n\t<div class=\"col-lg-6 col-md-6\">\n\t\t<p>Nombre (requerido)\n\t\t<\/p>\n\t\t<p><span class=\"wpcf7-form-control-wrap\" data-name=\"your-name\"><input size=\"40\" class=\"wpcf7-form-control wpcf7-text wpcf7-validates-as-required\" aria-required=\"true\" aria-invalid=\"false\" value=\"\" type=\"text\" name=\"your-name\" \/><\/span>\n\t\t<\/p>\n\t\t<p>Correo electr\u00f3nico (requerido)\n\t\t<\/p>\n\t\t<p><span class=\"wpcf7-form-control-wrap\" data-name=\"your-email\"><input size=\"40\" class=\"wpcf7-form-control wpcf7-text wpcf7-email wpcf7-validates-as-required wpcf7-validates-as-email\" aria-required=\"true\" aria-invalid=\"false\" value=\"\" type=\"email\" name=\"your-email\" \/><\/span>\n\t\t<\/p>\n\t\t<p>N\u00famero de tel\u00e9fono\n\t\t<\/p>\n\t\t<p><span class=\"wpcf7-form-control-wrap\" data-name=\"your-phone\"><input size=\"40\" class=\"wpcf7-form-control wpcf7-text wpcf7-tel wpcf7-validates-as-tel\" aria-invalid=\"false\" value=\"\" type=\"tel\" name=\"your-phone\" \/><\/span>\n\t\t<\/p>\n\t\t<p>Empresa\n\t\t<\/p>\n\t\t<p><span class=\"wpcf7-form-control-wrap\" data-name=\"company-name\"><input size=\"40\" class=\"wpcf7-form-control wpcf7-text\" aria-invalid=\"false\" value=\"\" type=\"text\" name=\"company-name\" \/><\/span>\n\t\t<\/p>\n\t<\/div>\n\t<div class=\"col-lg-6 col-md-6\">\n\t\t<p>Asunto <span class=\"hint\">H\u00e1ganos saber su tema de inter\u00e9s<\/span>\n\t\t<\/p>\n\t\t<p><span class=\"wpcf7-form-control-wrap\" data-name=\"your-subject\"><input size=\"40\" class=\"wpcf7-form-control wpcf7-text\" aria-invalid=\"false\" value=\"\" type=\"text\" name=\"your-subject\" \/><\/span>\n\t\t<\/p>\n\t\t<p>Su mensaje\n\t\t<\/p>\n\t\t<p><span class=\"wpcf7-form-control-wrap\" data-name=\"your-message\"><textarea cols=\"40\" rows=\"10\" class=\"wpcf7-form-control wpcf7-textarea\" aria-invalid=\"false\" name=\"your-message\"><\/textarea><\/span>\n\t\t<\/p>\n\t<\/div>\n<\/div>\n<p><input class=\"wpcf7-form-control has-spinner wpcf7-submit\" type=\"submit\" value=\"Enviar mensaje\" \/>\n<\/p><p style=\"display: none !important;\"><label>&#916;<textarea name=\"_wpcf7_ak_hp_textarea\" cols=\"45\" rows=\"8\" maxlength=\"100\"><\/textarea><\/label><input type=\"hidden\" id=\"ak_js_1\" name=\"_wpcf7_ak_js\" value=\"127\"\/><script>document.getElementById( \"ak_js_1\" ).setAttribute( \"value\", ( new Date() ).getTime() );<\/script><\/p><div class=\"wpcf7-response-output\" aria-hidden=\"true\"><\/div>\n<\/form>\n<\/div>\n[\/vc_column][\/vc_row]<\/p>\n","protected":false},"excerpt":{"rendered":"<p>[vc_row type=\u00bbcontainer\u00bb padding_top=\u00bb\u00bb padding_bottom=\u00bb\u00bb css=\u00bb.vc_custom_1451776271409{margin-top: 50px !important;margin-bottom: 20px !important;}\u00bb][vc_column width=\u00bb1\/3&#8243;][vc_column_text css=\u00bb.vc_custom_1502635013610{margin-bottom: 0px !important;padding-top: 15px !important;padding-right: 20px !important;padding-bottom: 15px !important;padding-left: 20px !important;background-color: #e44832 !important;}\u00bb] \u00a0 Ll\u00e1menos[\/vc_column_text][vc_column_text css=\u00bb.vc_custom_1637765851446{padding-top: 18px !important;padding-right: 20px !important;padding-bottom: 25px !important;padding-left: 20px !important;background-color: #f3f3f3 !important;}\u00bb]Estamos disponibles v\u00eda telef\u00f3nica de 7:00 AM a 5:00 PM (COL) de lunes a viernes. (No aplica d\u00edas festivos) PBX: [&hellip;]<\/p>\n","protected":false},"author":1,"featured_media":70782,"parent":0,"menu_order":0,"comment_status":"closed","ping_status":"closed","template":"page-full-width.php","meta":{"_monsterinsights_skip_tracking":false,"_monsterinsights_sitenote_active":false,"_monsterinsights_sitenote_note":"","_monsterinsights_sitenote_category":0},"acf":[],"yoast_head":"<!-- This site is optimized with the Yoast SEO plugin v20.6 - https:\/\/yoast.com\/wordpress\/plugins\/seo\/ -->\n<title>Cont\u00e1ctenos - SIS SA Suministros Ingenieria y Soluciones<\/title>\n<meta name=\"robots\" content=\"noindex, follow, max-snippet:-1, max-image-preview:large, max-video-preview:-1\" \/>\n<meta property=\"og:locale\" content=\"es_ES\" \/>\n<meta property=\"og:type\" content=\"article\" \/>\n<meta property=\"og:title\" content=\"Cont\u00e1ctenos - SIS SA Suministros Ingenieria y Soluciones\" \/>\n<meta property=\"og:description\" content=\"[vc_row type=\u00bbcontainer\u00bb padding_top=\u00bb\u00bb padding_bottom=\u00bb\u00bb css=\u00bb.vc_custom_1451776271409{margin-top: 50px !important;margin-bottom: 20px !important;}\u00bb][vc_column width=\u00bb1\/3&#8243;][vc_column_text css=\u00bb.vc_custom_1502635013610{margin-bottom: 0px !important;padding-top: 15px !important;padding-right: 20px !important;padding-bottom: 15px !important;padding-left: 20px !important;background-color: #e44832 !important;}\u00bb] \u00a0 Ll\u00e1menos[\/vc_column_text][vc_column_text css=\u00bb.vc_custom_1637765851446{padding-top: 18px !important;padding-right: 20px !important;padding-bottom: 25px !important;padding-left: 20px !important;background-color: #f3f3f3 !important;}\u00bb]Estamos disponibles v\u00eda telef\u00f3nica de 7:00 AM a 5:00 PM (COL) de lunes a viernes. (No aplica d\u00edas festivos) PBX: [&hellip;]\" \/>\n<meta property=\"og:url\" content=\"https:\/\/sissa.com.co\/site\/contactenos\/\" \/>\n<meta property=\"og:site_name\" content=\"SIS SA Suministros Ingenieria y Soluciones\" \/>\n<meta property=\"article:modified_time\" content=\"2021-11-24T14:58:42+00:00\" \/>\n<meta name=\"twitter:card\" content=\"summary_large_image\" \/>\n<meta name=\"twitter:label1\" content=\"Tiempo de lectura\" \/>\n\t<meta name=\"twitter:data1\" content=\"2 minutos\" \/>\n<script type=\"application\/ld+json\" class=\"yoast-schema-graph\">{\"@context\":\"https:\/\/schema.org\",\"@graph\":[{\"@type\":\"WebPage\",\"@id\":\"https:\/\/sissa.com.co\/site\/contactenos\/\",\"url\":\"https:\/\/sissa.com.co\/site\/contactenos\/\",\"name\":\"Cont\u00e1ctenos - SIS SA Suministros Ingenieria y Soluciones\",\"isPartOf\":{\"@id\":\"https:\/\/sissa.com.co\/site\/#website\"},\"datePublished\":\"2015-10-07T17:11:24+00:00\",\"dateModified\":\"2021-11-24T14:58:42+00:00\",\"breadcrumb\":{\"@id\":\"https:\/\/sissa.com.co\/site\/contactenos\/#breadcrumb\"},\"inLanguage\":\"es\",\"potentialAction\":[{\"@type\":\"ReadAction\",\"target\":[\"https:\/\/sissa.com.co\/site\/contactenos\/\"]}]},{\"@type\":\"BreadcrumbList\",\"@id\":\"https:\/\/sissa.com.co\/site\/contactenos\/#breadcrumb\",\"itemListElement\":[{\"@type\":\"ListItem\",\"position\":1,\"name\":\"Home\",\"item\":\"https:\/\/sissa.com.co\/site\/\"},{\"@type\":\"ListItem\",\"position\":2,\"name\":\"Cont\u00e1ctenos\"}]},{\"@type\":\"WebSite\",\"@id\":\"https:\/\/sissa.com.co\/site\/#website\",\"url\":\"https:\/\/sissa.com.co\/site\/\",\"name\":\"SIS SA Suministros Ingenieria y Soluciones\",\"description\":\"Somos la ingenier\u00eda del aislamiento t\u00e9rmico\",\"publisher\":{\"@id\":\"https:\/\/sissa.com.co\/site\/#organization\"},\"potentialAction\":[{\"@type\":\"SearchAction\",\"target\":{\"@type\":\"EntryPoint\",\"urlTemplate\":\"https:\/\/sissa.com.co\/site\/?s={search_term_string}\"},\"query-input\":\"required name=search_term_string\"}],\"inLanguage\":\"es\"},{\"@type\":\"Organization\",\"@id\":\"https:\/\/sissa.com.co\/site\/#organization\",\"name\":\"Suministros Ingenier\u00eda y Soluciones SIS SA Medell\u00edn, Colombia | Consultor\u00eda t\u00e9cnica e instalaci\u00f3n de Aislamientos T\u00e9rmicos en bajas temperaturas con Poliuretano, medias temperaturas en Fibra de Vidrio y en Altas Temperaturas en Fibra Cer\u00e1mica, Aislamientos Ac\u00fasticos y Materiales Refractarios, Dise\u00f1o, Fabricaci\u00f3n, Montaje y Reparaci\u00f3n de Sistemas de Combusti\u00f3n, Hornos Industriales, Hornos Crematorios para Humanos y para Mascotas | V\u00e1lvulas e Incineradores | Suministros para la Ingenier\u00eda, La mejor Calidad del Pa\u00eds, Distribuidores Autorizados de Fiber Glass Colombia, Erecos Colombia, Morgan Thermal Ceramics, Lewco, Honeywell | Dise\u00f1o de Montajes Industriales en Colombia, Medell\u00edn, Cali, Bogot\u00e1, Barranquilla, Cartagena, C\u00facuta, Villavicencio, Ibagu\u00e9, Bucaramanga, Santa Marta, Pereira, Valledupar, Monter\u00eda, Pasto, Manizales, Neiva, Armenia, Popay\u00e1n, Sincelejo, Barrancabermeja\",\"url\":\"https:\/\/sissa.com.co\/site\/\",\"logo\":{\"@type\":\"ImageObject\",\"inLanguage\":\"es\",\"@id\":\"https:\/\/sissa.com.co\/site\/#\/schema\/logo\/image\/\",\"url\":\"https:\/\/sissa.com.co\/site\/wp-content\/uploads\/2018\/01\/logo_alta_sis.png\",\"contentUrl\":\"https:\/\/sissa.com.co\/site\/wp-content\/uploads\/2018\/01\/logo_alta_sis.png\",\"width\":945,\"height\":400,\"caption\":\"Suministros Ingenier\u00eda y Soluciones SIS SA Medell\u00edn, Colombia | Consultor\u00eda t\u00e9cnica e instalaci\u00f3n de Aislamientos T\u00e9rmicos en bajas temperaturas con Poliuretano, medias temperaturas en Fibra de Vidrio y en Altas Temperaturas en Fibra Cer\u00e1mica, Aislamientos Ac\u00fasticos y Materiales Refractarios, Dise\u00f1o, Fabricaci\u00f3n, Montaje y Reparaci\u00f3n de Sistemas de Combusti\u00f3n, Hornos Industriales, Hornos Crematorios para Humanos y para Mascotas | V\u00e1lvulas e Incineradores | Suministros para la Ingenier\u00eda, La mejor Calidad del Pa\u00eds, Distribuidores Autorizados de Fiber Glass Colombia, Erecos Colombia, Morgan Thermal Ceramics, Lewco, Honeywell | Dise\u00f1o de Montajes Industriales en Colombia, Medell\u00edn, Cali, Bogot\u00e1, Barranquilla, Cartagena, C\u00facuta, Villavicencio, Ibagu\u00e9, Bucaramanga, Santa Marta, Pereira, Valledupar, Monter\u00eda, Pasto, Manizales, Neiva, Armenia, Popay\u00e1n, Sincelejo, Barrancabermeja\"},\"image\":{\"@id\":\"https:\/\/sissa.com.co\/site\/#\/schema\/logo\/image\/\"}}]}<\/script>\n<!-- \/ Yoast SEO plugin. -->","yoast_head_json":{"title":"Cont\u00e1ctenos - SIS SA Suministros Ingenieria y Soluciones","robots":{"index":"noindex","follow":"follow","max-snippet":"max-snippet:-1","max-image-preview":"max-image-preview:large","max-video-preview":"max-video-preview:-1"},"og_locale":"es_ES","og_type":"article","og_title":"Cont\u00e1ctenos - SIS SA Suministros Ingenieria y Soluciones","og_description":"[vc_row type=\u00bbcontainer\u00bb padding_top=\u00bb\u00bb padding_bottom=\u00bb\u00bb css=\u00bb.vc_custom_1451776271409{margin-top: 50px !important;margin-bottom: 20px !important;}\u00bb][vc_column width=\u00bb1\/3&#8243;][vc_column_text css=\u00bb.vc_custom_1502635013610{margin-bottom: 0px !important;padding-top: 15px !important;padding-right: 20px !important;padding-bottom: 15px !important;padding-left: 20px !important;background-color: #e44832 !important;}\u00bb] \u00a0 Ll\u00e1menos[\/vc_column_text][vc_column_text css=\u00bb.vc_custom_1637765851446{padding-top: 18px !important;padding-right: 20px !important;padding-bottom: 25px !important;padding-left: 20px !important;background-color: #f3f3f3 !important;}\u00bb]Estamos disponibles v\u00eda telef\u00f3nica de 7:00 AM a 5:00 PM (COL) de lunes a viernes. (No aplica d\u00edas festivos) PBX: [&hellip;]","og_url":"https:\/\/sissa.com.co\/site\/contactenos\/","og_site_name":"SIS SA Suministros Ingenieria y Soluciones","article_modified_time":"2021-11-24T14:58:42+00:00","twitter_card":"summary_large_image","twitter_misc":{"Tiempo de lectura":"2 minutos"},"schema":{"@context":"https:\/\/schema.org","@graph":[{"@type":"WebPage","@id":"https:\/\/sissa.com.co\/site\/contactenos\/","url":"https:\/\/sissa.com.co\/site\/contactenos\/","name":"Cont\u00e1ctenos - SIS SA Suministros Ingenieria y Soluciones","isPartOf":{"@id":"https:\/\/sissa.com.co\/site\/#website"},"datePublished":"2015-10-07T17:11:24+00:00","dateModified":"2021-11-24T14:58:42+00:00","breadcrumb":{"@id":"https:\/\/sissa.com.co\/site\/contactenos\/#breadcrumb"},"inLanguage":"es","potentialAction":[{"@type":"ReadAction","target":["https:\/\/sissa.com.co\/site\/contactenos\/"]}]},{"@type":"BreadcrumbList","@id":"https:\/\/sissa.com.co\/site\/contactenos\/#breadcrumb","itemListElement":[{"@type":"ListItem","position":1,"name":"Home","item":"https:\/\/sissa.com.co\/site\/"},{"@type":"ListItem","position":2,"name":"Cont\u00e1ctenos"}]},{"@type":"WebSite","@id":"https:\/\/sissa.com.co\/site\/#website","url":"https:\/\/sissa.com.co\/site\/","name":"SIS SA Suministros Ingenieria y Soluciones","description":"Somos la ingenier\u00eda del aislamiento t\u00e9rmico","publisher":{"@id":"https:\/\/sissa.com.co\/site\/#organization"},"potentialAction":[{"@type":"SearchAction","target":{"@type":"EntryPoint","urlTemplate":"https:\/\/sissa.com.co\/site\/?s={search_term_string}"},"query-input":"required name=search_term_string"}],"inLanguage":"es"},{"@type":"Organization","@id":"https:\/\/sissa.com.co\/site\/#organization","name":"Suministros Ingenier\u00eda y Soluciones SIS SA Medell\u00edn, Colombia | Consultor\u00eda t\u00e9cnica e instalaci\u00f3n de Aislamientos T\u00e9rmicos en bajas temperaturas con Poliuretano, medias temperaturas en Fibra de Vidrio y en Altas Temperaturas en Fibra Cer\u00e1mica, Aislamientos Ac\u00fasticos y Materiales Refractarios, Dise\u00f1o, Fabricaci\u00f3n, Montaje y Reparaci\u00f3n de Sistemas de Combusti\u00f3n, Hornos Industriales, Hornos Crematorios para Humanos y para Mascotas | V\u00e1lvulas e Incineradores | Suministros para la Ingenier\u00eda, La mejor Calidad del Pa\u00eds, Distribuidores Autorizados de Fiber Glass Colombia, Erecos Colombia, Morgan Thermal Ceramics, Lewco, Honeywell | Dise\u00f1o de Montajes Industriales en Colombia, Medell\u00edn, Cali, Bogot\u00e1, Barranquilla, Cartagena, C\u00facuta, Villavicencio, Ibagu\u00e9, Bucaramanga, Santa Marta, Pereira, Valledupar, Monter\u00eda, Pasto, Manizales, Neiva, Armenia, Popay\u00e1n, Sincelejo, Barrancabermeja","url":"https:\/\/sissa.com.co\/site\/","logo":{"@type":"ImageObject","inLanguage":"es","@id":"https:\/\/sissa.com.co\/site\/#\/schema\/logo\/image\/","url":"https:\/\/sissa.com.co\/site\/wp-content\/uploads\/2018\/01\/logo_alta_sis.png","contentUrl":"https:\/\/sissa.com.co\/site\/wp-content\/uploads\/2018\/01\/logo_alta_sis.png","width":945,"height":400,"caption":"Suministros Ingenier\u00eda y Soluciones SIS SA Medell\u00edn, Colombia | Consultor\u00eda t\u00e9cnica e instalaci\u00f3n de Aislamientos T\u00e9rmicos en bajas temperaturas con Poliuretano, medias temperaturas en Fibra de Vidrio y en Altas Temperaturas en Fibra Cer\u00e1mica, Aislamientos Ac\u00fasticos y Materiales Refractarios, Dise\u00f1o, Fabricaci\u00f3n, Montaje y Reparaci\u00f3n de Sistemas de Combusti\u00f3n, Hornos Industriales, Hornos Crematorios para Humanos y para Mascotas | V\u00e1lvulas e Incineradores | Suministros para la Ingenier\u00eda, La mejor Calidad del Pa\u00eds, Distribuidores Autorizados de Fiber Glass Colombia, Erecos Colombia, Morgan Thermal Ceramics, Lewco, Honeywell | Dise\u00f1o de Montajes Industriales en Colombia, Medell\u00edn, Cali, Bogot\u00e1, Barranquilla, Cartagena, C\u00facuta, Villavicencio, Ibagu\u00e9, Bucaramanga, Santa Marta, Pereira, Valledupar, Monter\u00eda, Pasto, Manizales, Neiva, Armenia, Popay\u00e1n, Sincelejo, Barrancabermeja"},"image":{"@id":"https:\/\/sissa.com.co\/site\/#\/schema\/logo\/image\/"}}]}},"_links":{"self":[{"href":"https:\/\/sissa.com.co\/site\/wp-json\/wp\/v2\/pages\/67"}],"collection":[{"href":"https:\/\/sissa.com.co\/site\/wp-json\/wp\/v2\/pages"}],"about":[{"href":"https:\/\/sissa.com.co\/site\/wp-json\/wp\/v2\/types\/page"}],"author":[{"embeddable":true,"href":"https:\/\/sissa.com.co\/site\/wp-json\/wp\/v2\/users\/1"}],"replies":[{"embeddable":true,"href":"https:\/\/sissa.com.co\/site\/wp-json\/wp\/v2\/comments?post=67"}],"version-history":[{"count":23,"href":"https:\/\/sissa.com.co\/site\/wp-json\/wp\/v2\/pages\/67\/revisions"}],"predecessor-version":[{"id":71547,"href":"https:\/\/sissa.com.co\/site\/wp-json\/wp\/v2\/pages\/67\/revisions\/71547"}],"wp:featuredmedia":[{"embeddable":true,"href":"https:\/\/sissa.com.co\/site\/wp-json\/"}],"wp:attachment":[{"href":"https:\/\/sissa.com.co\/site\/wp-json\/wp\/v2\/media?parent=67"}],"curies":[{"name":"wp","href":"https:\/\/api.w.org\/{rel}","templated":true}]}}