{"id":130,"date":"2015-10-09T16:46:20","date_gmt":"2015-10-09T16:46:20","guid":{"rendered":"http:\/\/broker.commercegurus.com\/?page_id=130"},"modified":"2018-01-27T09:45:20","modified_gmt":"2018-01-27T14:45:20","slug":"control-de-ruido","status":"publish","type":"page","link":"https:\/\/sissa.com.co\/site\/nuestras-soluciones\/control-de-ruido\/","title":{"rendered":"Soluciones para el control de ruido"},"content":{"rendered":"<p>[vc_row type=\u00bbcontainer\u00bb padding_top=\u00bb\u00bb padding_bottom=\u00bb\u00bb css=\u00bb.vc_custom_1449062960012{margin-bottom: 20px !important;}\u00bb][vc_column width=\u00bb1\/2&#8243;][vc_column_text]SIS S.A cuanta con las capacidades t\u00e9cnicas, materiales e inform\u00e1ticas para el dise\u00f1o y realizaci\u00f3n de proyectos, en montajes para la construcci\u00f3n de espacios en donde se requiera de un tratamiento ac\u00fastico espec\u00edfico, como acondicionamientos ac\u00fasticos e insonorizaciones.[\/vc_column_text][\/vc_column][vc_column width=\u00bb1\/2&#8243;][vc_images_carousel images=\u00bb71350,71351,71352,71353&#8243; img_size=\u00bb400&#215;267&#8243;][\/vc_column][\/vc_row][vc_row type=\u00bbcontainer\u00bb padding_top=\u00bb\u00bb padding_bottom=\u00bb\u00bb css=\u00bb.vc_custom_1444504142602{margin-bottom: 0px !important;}\u00bb][vc_column][vc_separator color=\u00bb#e2e2e2&#8243; type=\u00bbnormal\u00bb thickness=\u00bb1&#8243; up=\u00bb\u00bb down=\u00bb\u00bb el_class=\u00bbdotted\u00bb][\/vc_column][\/vc_row][vc_row type=\u00bbcontainer\u00bb padding_top=\u00bb\u00bb padding_bottom=\u00bb\u00bb][vc_column][vc_column_text]<\/p>\n<h2>Nuestras soluciones<\/h2>\n<p>Para las empresas y los complejos habitacionales y comerciales, es de suma importancia el confort ac\u00fastico. Nuestra empresa est\u00e1 certificada en el desarrollo de soluciones enfocadas a generar espacios confortables de trabajo y vivienda, mediante el uso de materiales especializados para la absorci\u00f3n del sonido, la difracci\u00f3n de la onda y acabados arquitect\u00f3nicos. Las soluciones son:[\/vc_column_text][\/vc_column][\/vc_row][vc_row type=\u00bbcontainer\u00bb padding_top=\u00bb\u00bb padding_bottom=\u00bb\u00bb css=\u00bb.vc_custom_1449062969962{margin-bottom: 50px !important;}\u00bb][vc_column][vc_tta_tabs style=\u00bbflat\u00bb active_section=\u00bb1&#8243;][vc_tta_section title=\u00bbRuido industrial\u00bb tab_id=\u00bb1516370803835-bf49a32f-a30d383d-683b\u00bb][vc_column_text]Mediante la evaluaci\u00f3n y dise\u00f1o de soluciones para minimizar los niveles de ruido los cuales generan contaminaci\u00f3n en el \u00e1rea donde se encuentra ubicada la empresa, causados por m\u00e1quinas y procesos Industriales. SIS S.A dise\u00f1a y ejecuta proyectos de insonorizaci\u00f3n y bloqueo de fuentes de ruido, mediante la construcci\u00f3n de pisos flotantes, bases anti vibratorias, cabinas, silenciadores, encerramientos, barreras y pantallas ac\u00fasticas.[\/vc_column_text][\/vc_tta_section][vc_tta_section title=\u00bbAcondicionamientos ac\u00fasticos\u00bb tab_id=\u00bb1516370804026-a6477c71-2af0383d-683b\u00bb][vc_column_text]Para los espacios en donde se requiere una alta calidad en el sonido, y una \u00f3ptima comunicaci\u00f3n entre el locutor y el espectador, SIS S.A dise\u00f1a soluciones espec\u00edficas a los espacios para el confort ac\u00fastico en las comunicaciones en espacios como salas de conferencias, auditorios, oficinas, viviendas, salas multimedia, discotecas, locales comerciales, gimnasios, restaurantes y salas de grabaci\u00f3n.[\/vc_column_text][\/vc_tta_section][vc_tta_section title=\u00bbInsonorizaci\u00f3n\u00bb tab_id=\u00bb1516370804230-98962417-c84a383d-683b\u00bb][vc_column_text]Mediante el uso de materiales absorbentes y que act\u00faan como masa para evitar que el sonido provocado por el paso de fluidos por tuber\u00edas, buitrones y ductos, ascensores, productos en ductos de transporte y basuras en shuts, sea escuchado al interior de espacios que requieren de alto confort ac\u00fastico.[\/vc_column_text][\/vc_tta_section][\/vc_tta_tabs][vc_tta_tabs style=\u00bbflat\u00bb active_section=\u00bb1&#8243;][vc_tta_section title=\u00bbPuertas ac\u00fasticas\u00bb tab_id=\u00bb1516370532560-a5daa0e5-506b383d-683b\u00bb][vc_column_text]Dise\u00f1o, suministro e instalaci\u00f3n de puertas ac\u00fasticas para cabinas de grabaci\u00f3n, auditorios, cuartos de m\u00e1quinas y salas de reuniones y conferencias.[\/vc_column_text][\/vc_tta_section][vc_tta_section title=\u00bbVentanas ac\u00fasticas\u00bb tab_id=\u00bb1516370532733-8311ec88-85d7383d-683b\u00bb][vc_column_text]Dise\u00f1o, suministro e instalaci\u00f3n de ventanas ac\u00fasticas con vidrio laminado para cabinas de grabaci\u00f3n, auditorios, cuartos de m\u00e1quinas y salas de reuniones y conferencias.[\/vc_column_text][\/vc_tta_section][\/vc_tta_tabs][\/vc_column][\/vc_row]<\/p>\n","protected":false},"excerpt":{"rendered":"<p>[vc_row type=\u00bbcontainer\u00bb padding_top=\u00bb\u00bb padding_bottom=\u00bb\u00bb css=\u00bb.vc_custom_1449062960012{margin-bottom: 20px !important;}\u00bb][vc_column width=\u00bb1\/2&#8243;][vc_column_text]SIS S.A cuanta con las capacidades t\u00e9cnicas, materiales e inform\u00e1ticas para el dise\u00f1o y realizaci\u00f3n de proyectos, en montajes para la construcci\u00f3n de espacios en donde se requiera de un tratamiento ac\u00fastico espec\u00edfico, como acondicionamientos ac\u00fasticos e insonorizaciones.[\/vc_column_text][\/vc_column][vc_column width=\u00bb1\/2&#8243;][vc_images_carousel images=\u00bb71350,71351,71352,71353&#8243; img_size=\u00bb400&#215;267&#8243;][\/vc_column][\/vc_row][vc_row type=\u00bbcontainer\u00bb padding_top=\u00bb\u00bb padding_bottom=\u00bb\u00bb css=\u00bb.vc_custom_1444504142602{margin-bottom: 0px !important;}\u00bb][vc_column][vc_separator color=\u00bb#e2e2e2&#8243; [&hellip;]<\/p>\n","protected":false},"author":1,"featured_media":70708,"parent":73,"menu_order":5,"comment_status":"closed","ping_status":"closed","template":"","meta":{"_monsterinsights_skip_tracking":false,"_monsterinsights_sitenote_active":false,"_monsterinsights_sitenote_note":"","_monsterinsights_sitenote_category":0},"acf":[],"yoast_head":"<!-- This site is optimized with the Yoast SEO plugin v20.6 - https:\/\/yoast.com\/wordpress\/plugins\/seo\/ -->\n<title>Soluciones para el control de ruido - SIS SA Suministros Ingenieria y Soluciones<\/title>\n<meta name=\"description\" content=\"The energy industry is a crucial part of the infrastructure and maintenance of society in almost all countries.\" \/>\n<meta name=\"robots\" content=\"noindex, follow, max-snippet:-1, max-image-preview:large, max-video-preview:-1\" \/>\n<meta property=\"og:locale\" content=\"es_ES\" \/>\n<meta property=\"og:type\" content=\"article\" \/>\n<meta property=\"og:title\" content=\"Soluciones para el control de ruido - SIS SA Suministros Ingenieria y Soluciones\" \/>\n<meta property=\"og:description\" content=\"The energy industry is a crucial part of the infrastructure and maintenance of society in almost all countries.\" \/>\n<meta property=\"og:url\" content=\"https:\/\/sissa.com.co\/site\/nuestras-soluciones\/control-de-ruido\/\" \/>\n<meta property=\"og:site_name\" content=\"SIS SA Suministros Ingenieria y Soluciones\" \/>\n<meta property=\"article:modified_time\" content=\"2018-01-27T14:45:20+00:00\" \/>\n<meta name=\"twitter:card\" content=\"summary_large_image\" \/>\n<meta name=\"twitter:label1\" content=\"Tiempo de lectura\" \/>\n\t<meta name=\"twitter:data1\" content=\"3 minutos\" \/>\n<script type=\"application\/ld+json\" class=\"yoast-schema-graph\">{\"@context\":\"https:\/\/schema.org\",\"@graph\":[{\"@type\":\"WebPage\",\"@id\":\"https:\/\/sissa.com.co\/site\/nuestras-soluciones\/control-de-ruido\/\",\"url\":\"https:\/\/sissa.com.co\/site\/nuestras-soluciones\/control-de-ruido\/\",\"name\":\"Soluciones para el control de ruido - SIS SA Suministros Ingenieria y Soluciones\",\"isPartOf\":{\"@id\":\"https:\/\/sissa.com.co\/site\/#website\"},\"datePublished\":\"2015-10-09T16:46:20+00:00\",\"dateModified\":\"2018-01-27T14:45:20+00:00\",\"description\":\"The energy industry is a crucial part of the infrastructure and maintenance of society in almost all countries.\",\"breadcrumb\":{\"@id\":\"https:\/\/sissa.com.co\/site\/nuestras-soluciones\/control-de-ruido\/#breadcrumb\"},\"inLanguage\":\"es\",\"potentialAction\":[{\"@type\":\"ReadAction\",\"target\":[\"https:\/\/sissa.com.co\/site\/nuestras-soluciones\/control-de-ruido\/\"]}]},{\"@type\":\"BreadcrumbList\",\"@id\":\"https:\/\/sissa.com.co\/site\/nuestras-soluciones\/control-de-ruido\/#breadcrumb\",\"itemListElement\":[{\"@type\":\"ListItem\",\"position\":1,\"name\":\"Home\",\"item\":\"https:\/\/sissa.com.co\/site\/\"},{\"@type\":\"ListItem\",\"position\":2,\"name\":\"Solutions\",\"item\":\"https:\/\/sissa.com.co\/site\/nuestras-soluciones\/\"},{\"@type\":\"ListItem\",\"position\":3,\"name\":\"Soluciones para el control de ruido\"}]},{\"@type\":\"WebSite\",\"@id\":\"https:\/\/sissa.com.co\/site\/#website\",\"url\":\"https:\/\/sissa.com.co\/site\/\",\"name\":\"SIS SA Suministros Ingenieria y Soluciones\",\"description\":\"Somos la ingenier\u00eda del aislamiento t\u00e9rmico\",\"publisher\":{\"@id\":\"https:\/\/sissa.com.co\/site\/#organization\"},\"potentialAction\":[{\"@type\":\"SearchAction\",\"target\":{\"@type\":\"EntryPoint\",\"urlTemplate\":\"https:\/\/sissa.com.co\/site\/?s={search_term_string}\"},\"query-input\":\"required name=search_term_string\"}],\"inLanguage\":\"es\"},{\"@type\":\"Organization\",\"@id\":\"https:\/\/sissa.com.co\/site\/#organization\",\"name\":\"Suministros Ingenier\u00eda y Soluciones SIS SA Medell\u00edn, Colombia | Consultor\u00eda t\u00e9cnica e instalaci\u00f3n de Aislamientos T\u00e9rmicos en bajas temperaturas con Poliuretano, medias temperaturas en Fibra de Vidrio y en Altas Temperaturas en Fibra Cer\u00e1mica, Aislamientos Ac\u00fasticos y Materiales Refractarios, Dise\u00f1o, Fabricaci\u00f3n, Montaje y Reparaci\u00f3n de Sistemas de Combusti\u00f3n, Hornos Industriales, Hornos Crematorios para Humanos y para Mascotas | V\u00e1lvulas e Incineradores | Suministros para la Ingenier\u00eda, La mejor Calidad del Pa\u00eds, Distribuidores Autorizados de Fiber Glass Colombia, Erecos Colombia, Morgan Thermal Ceramics, Lewco, Honeywell | Dise\u00f1o de Montajes Industriales en Colombia, Medell\u00edn, Cali, Bogot\u00e1, Barranquilla, Cartagena, C\u00facuta, Villavicencio, Ibagu\u00e9, Bucaramanga, Santa Marta, Pereira, Valledupar, Monter\u00eda, Pasto, Manizales, Neiva, Armenia, Popay\u00e1n, Sincelejo, Barrancabermeja\",\"url\":\"https:\/\/sissa.com.co\/site\/\",\"logo\":{\"@type\":\"ImageObject\",\"inLanguage\":\"es\",\"@id\":\"https:\/\/sissa.com.co\/site\/#\/schema\/logo\/image\/\",\"url\":\"https:\/\/sissa.com.co\/site\/wp-content\/uploads\/2018\/01\/logo_alta_sis.png\",\"contentUrl\":\"https:\/\/sissa.com.co\/site\/wp-content\/uploads\/2018\/01\/logo_alta_sis.png\",\"width\":945,\"height\":400,\"caption\":\"Suministros Ingenier\u00eda y Soluciones SIS SA Medell\u00edn, Colombia | Consultor\u00eda t\u00e9cnica e instalaci\u00f3n de Aislamientos T\u00e9rmicos en bajas temperaturas con Poliuretano, medias temperaturas en Fibra de Vidrio y en Altas Temperaturas en Fibra Cer\u00e1mica, Aislamientos Ac\u00fasticos y Materiales Refractarios, Dise\u00f1o, Fabricaci\u00f3n, Montaje y Reparaci\u00f3n de Sistemas de Combusti\u00f3n, Hornos Industriales, Hornos Crematorios para Humanos y para Mascotas | V\u00e1lvulas e Incineradores | Suministros para la Ingenier\u00eda, La mejor Calidad del Pa\u00eds, Distribuidores Autorizados de Fiber Glass Colombia, Erecos Colombia, Morgan Thermal Ceramics, Lewco, Honeywell | Dise\u00f1o de Montajes Industriales en Colombia, Medell\u00edn, Cali, Bogot\u00e1, Barranquilla, Cartagena, C\u00facuta, Villavicencio, Ibagu\u00e9, Bucaramanga, Santa Marta, Pereira, Valledupar, Monter\u00eda, Pasto, Manizales, Neiva, Armenia, Popay\u00e1n, Sincelejo, Barrancabermeja\"},\"image\":{\"@id\":\"https:\/\/sissa.com.co\/site\/#\/schema\/logo\/image\/\"}}]}<\/script>\n<!-- \/ Yoast SEO plugin. -->","yoast_head_json":{"title":"Soluciones para el control de ruido - SIS SA Suministros Ingenieria y Soluciones","description":"The energy industry is a crucial part of the infrastructure and maintenance of society in almost all countries.","robots":{"index":"noindex","follow":"follow","max-snippet":"max-snippet:-1","max-image-preview":"max-image-preview:large","max-video-preview":"max-video-preview:-1"},"og_locale":"es_ES","og_type":"article","og_title":"Soluciones para el control de ruido - SIS SA Suministros Ingenieria y Soluciones","og_description":"The energy industry is a crucial part of the infrastructure and maintenance of society in almost all countries.","og_url":"https:\/\/sissa.com.co\/site\/nuestras-soluciones\/control-de-ruido\/","og_site_name":"SIS SA Suministros Ingenieria y Soluciones","article_modified_time":"2018-01-27T14:45:20+00:00","twitter_card":"summary_large_image","twitter_misc":{"Tiempo de lectura":"3 minutos"},"schema":{"@context":"https:\/\/schema.org","@graph":[{"@type":"WebPage","@id":"https:\/\/sissa.com.co\/site\/nuestras-soluciones\/control-de-ruido\/","url":"https:\/\/sissa.com.co\/site\/nuestras-soluciones\/control-de-ruido\/","name":"Soluciones para el control de ruido - SIS SA Suministros Ingenieria y Soluciones","isPartOf":{"@id":"https:\/\/sissa.com.co\/site\/#website"},"datePublished":"2015-10-09T16:46:20+00:00","dateModified":"2018-01-27T14:45:20+00:00","description":"The energy industry is a crucial part of the infrastructure and maintenance of society in almost all countries.","breadcrumb":{"@id":"https:\/\/sissa.com.co\/site\/nuestras-soluciones\/control-de-ruido\/#breadcrumb"},"inLanguage":"es","potentialAction":[{"@type":"ReadAction","target":["https:\/\/sissa.com.co\/site\/nuestras-soluciones\/control-de-ruido\/"]}]},{"@type":"BreadcrumbList","@id":"https:\/\/sissa.com.co\/site\/nuestras-soluciones\/control-de-ruido\/#breadcrumb","itemListElement":[{"@type":"ListItem","position":1,"name":"Home","item":"https:\/\/sissa.com.co\/site\/"},{"@type":"ListItem","position":2,"name":"Solutions","item":"https:\/\/sissa.com.co\/site\/nuestras-soluciones\/"},{"@type":"ListItem","position":3,"name":"Soluciones para el control de ruido"}]},{"@type":"WebSite","@id":"https:\/\/sissa.com.co\/site\/#website","url":"https:\/\/sissa.com.co\/site\/","name":"SIS SA Suministros Ingenieria y Soluciones","description":"Somos la ingenier\u00eda del aislamiento t\u00e9rmico","publisher":{"@id":"https:\/\/sissa.com.co\/site\/#organization"},"potentialAction":[{"@type":"SearchAction","target":{"@type":"EntryPoint","urlTemplate":"https:\/\/sissa.com.co\/site\/?s={search_term_string}"},"query-input":"required name=search_term_string"}],"inLanguage":"es"},{"@type":"Organization","@id":"https:\/\/sissa.com.co\/site\/#organization","name":"Suministros Ingenier\u00eda y Soluciones SIS SA Medell\u00edn, Colombia | Consultor\u00eda t\u00e9cnica e instalaci\u00f3n de Aislamientos T\u00e9rmicos en bajas temperaturas con Poliuretano, medias temperaturas en Fibra de Vidrio y en Altas Temperaturas en Fibra Cer\u00e1mica, Aislamientos Ac\u00fasticos y Materiales Refractarios, Dise\u00f1o, Fabricaci\u00f3n, Montaje y Reparaci\u00f3n de Sistemas de Combusti\u00f3n, Hornos Industriales, Hornos Crematorios para Humanos y para Mascotas | V\u00e1lvulas e Incineradores | Suministros para la Ingenier\u00eda, La mejor Calidad del Pa\u00eds, Distribuidores Autorizados de Fiber Glass Colombia, Erecos Colombia, Morgan Thermal Ceramics, Lewco, Honeywell | Dise\u00f1o de Montajes Industriales en Colombia, Medell\u00edn, Cali, Bogot\u00e1, Barranquilla, Cartagena, C\u00facuta, Villavicencio, Ibagu\u00e9, Bucaramanga, Santa Marta, Pereira, Valledupar, Monter\u00eda, Pasto, Manizales, Neiva, Armenia, Popay\u00e1n, Sincelejo, Barrancabermeja","url":"https:\/\/sissa.com.co\/site\/","logo":{"@type":"ImageObject","inLanguage":"es","@id":"https:\/\/sissa.com.co\/site\/#\/schema\/logo\/image\/","url":"https:\/\/sissa.com.co\/site\/wp-content\/uploads\/2018\/01\/logo_alta_sis.png","contentUrl":"https:\/\/sissa.com.co\/site\/wp-content\/uploads\/2018\/01\/logo_alta_sis.png","width":945,"height":400,"caption":"Suministros Ingenier\u00eda y Soluciones SIS SA Medell\u00edn, Colombia | Consultor\u00eda t\u00e9cnica e instalaci\u00f3n de Aislamientos T\u00e9rmicos en bajas temperaturas con Poliuretano, medias temperaturas en Fibra de Vidrio y en Altas Temperaturas en Fibra Cer\u00e1mica, Aislamientos Ac\u00fasticos y Materiales Refractarios, Dise\u00f1o, Fabricaci\u00f3n, Montaje y Reparaci\u00f3n de Sistemas de Combusti\u00f3n, Hornos Industriales, Hornos Crematorios para Humanos y para Mascotas | V\u00e1lvulas e Incineradores | Suministros para la Ingenier\u00eda, La mejor Calidad del Pa\u00eds, Distribuidores Autorizados de Fiber Glass Colombia, Erecos Colombia, Morgan Thermal Ceramics, Lewco, Honeywell | Dise\u00f1o de Montajes Industriales en Colombia, Medell\u00edn, Cali, Bogot\u00e1, Barranquilla, Cartagena, C\u00facuta, Villavicencio, Ibagu\u00e9, Bucaramanga, Santa Marta, Pereira, Valledupar, Monter\u00eda, Pasto, Manizales, Neiva, Armenia, Popay\u00e1n, Sincelejo, Barrancabermeja"},"image":{"@id":"https:\/\/sissa.com.co\/site\/#\/schema\/logo\/image\/"}}]}},"_links":{"self":[{"href":"https:\/\/sissa.com.co\/site\/wp-json\/wp\/v2\/pages\/130"}],"collection":[{"href":"https:\/\/sissa.com.co\/site\/wp-json\/wp\/v2\/pages"}],"about":[{"href":"https:\/\/sissa.com.co\/site\/wp-json\/wp\/v2\/types\/page"}],"author":[{"embeddable":true,"href":"https:\/\/sissa.com.co\/site\/wp-json\/wp\/v2\/users\/1"}],"replies":[{"embeddable":true,"href":"https:\/\/sissa.com.co\/site\/wp-json\/wp\/v2\/comments?post=130"}],"version-history":[{"count":4,"href":"https:\/\/sissa.com.co\/site\/wp-json\/wp\/v2\/pages\/130\/revisions"}],"predecessor-version":[{"id":71354,"href":"https:\/\/sissa.com.co\/site\/wp-json\/wp\/v2\/pages\/130\/revisions\/71354"}],"up":[{"embeddable":true,"href":"https:\/\/sissa.com.co\/site\/wp-json\/wp\/v2\/pages\/73"}],"wp:featuredmedia":[{"embeddable":true,"href":"https:\/\/sissa.com.co\/site\/wp-json\/"}],"wp:attachment":[{"href":"https:\/\/sissa.com.co\/site\/wp-json\/wp\/v2\/media?parent=130"}],"curies":[{"name":"wp","href":"https:\/\/api.w.org\/{rel}","templated":true}]}}