{"id":110,"date":"2015-10-09T14:06:33","date_gmt":"2015-10-09T14:06:33","guid":{"rendered":"http:\/\/broker.commercegurus.com\/?page_id=110"},"modified":"2018-01-27T09:36:15","modified_gmt":"2018-01-27T14:36:15","slug":"refinerias-y-petroleos","status":"publish","type":"page","link":"https:\/\/sissa.com.co\/site\/nuestras-soluciones\/refinerias-y-petroleos\/","title":{"rendered":"Soluciones sector Refiner\u00edas y Petroleos"},"content":{"rendered":"<p>[vc_row type=\u00bbcontainer\u00bb padding_top=\u00bb\u00bb padding_bottom=\u00bb\u00bb css=\u00bb.vc_custom_1449062960012{margin-bottom: 20px !important;}\u00bb][vc_column width=\u00bb1\/2&#8243;][vc_column_text]SIS S.A es una empresa reconocida por su presencia en el sector, estando certificada con el registro \u00fanico de contratistas RUC con calificaci\u00f3n superior al 80%, y registradas en las principales plataformas de proveedores de la industria, como un proveedor confiable en el suministro y montaje de aislamientos, y sistemas de extracci\u00f3n de crudo y combusti\u00f3n.[\/vc_column_text][\/vc_column][vc_column width=\u00bb1\/2&#8243;][vc_images_carousel images=\u00bb71335,71336,71337,71338&#8243; img_size=\u00bb400&#215;267&#8243;][\/vc_column][\/vc_row][vc_row type=\u00bbcontainer\u00bb padding_top=\u00bb\u00bb padding_bottom=\u00bb\u00bb css=\u00bb.vc_custom_1444504142602{margin-bottom: 0px !important;}\u00bb][vc_column][vc_separator color=\u00bb#e2e2e2&#8243; type=\u00bbnormal\u00bb thickness=\u00bb1&#8243; up=\u00bb\u00bb down=\u00bb\u00bb el_class=\u00bbdotted\u00bb][\/vc_column][\/vc_row][vc_row type=\u00bbcontainer\u00bb padding_top=\u00bb\u00bb padding_bottom=\u00bb\u00bb][vc_column][vc_column_text]<\/p>\n<h2>Nuestras soluciones<\/h2>\n<p>En SIS S.A. podr\u00e1 encontrar las siguientes soluciones para su industria:[\/vc_column_text][\/vc_column][\/vc_row][vc_row type=\u00bbcontainer\u00bb padding_top=\u00bb\u00bb padding_bottom=\u00bb\u00bb css=\u00bb.vc_custom_1449062969962{margin-bottom: 50px !important;}\u00bb][vc_column][vc_tta_tabs style=\u00bbflat\u00bb active_section=\u00bb1&#8243;][vc_tta_section title=\u00bbAislamiento altas temperaturas\u00bb tab_id=\u00bb1444300654474-2bfb86dc-fd3aae72-c30b\u00bb][vc_column_text]Suministro e instalaci\u00f3n de aislamientos t\u00e9rmicos para calderas, reactores, tanques, turbinas, ductos, tuber\u00edas de vapor, aceite t\u00e9rmico, condensado, producto, etc., con Lana Mineral de Roca, Lana de Fibra de Vidrio, Fibra cer\u00e1mica, Silicato de calcio, Perlita Expandida, Pyrogel ; con cubiertas met\u00e1licas en l\u00e1mina Galvanizada, aluminio y acero inoxidable o en poli\u00e9ster reforzado con fibra de vidrio (PRFV).[\/vc_column_text][\/vc_tta_section][vc_tta_section title=\u00bbChaquetas Flexin\u00bb tab_id=\u00bb1444300654691-e081e086-5ad3ae72-c30b\u00bb][vc_column_text]Suministro e instalaci\u00f3n de aislamiento t\u00e9rmico con el sistema de chaquetas aislantes removibles para generadores, turbinas, ventiladores, ductos de aire caliente, v\u00e1lvulas, bridas, puertas de inspecci\u00f3n, tuber\u00eda de salida de gases, superficie de calderas. Equipos que requieren aislarse y tener la posibilidad de desmontar y utilizar nuevamente el mismo aislamiento.[\/vc_column_text][\/vc_tta_section][vc_tta_section title=\u00bbHornos Industriales\u00bb tab_id=\u00bb1447253859257-00754f03-0b93ae72-c30b\u00bb][vc_column_text]Dise\u00f1o, fabricaci\u00f3n y puesta en funcionamiento de hornos espec\u00edficos teniendo en cuenta los materiales, capacidad y tiempos para procesos de combusti\u00f3n, incineraci\u00f3n, cocido, tostado, calentamiento de crudo, recalentamiento de producto, termo-encogido y fundici\u00f3n.[\/vc_column_text][\/vc_tta_section][\/vc_tta_tabs][vc_tta_tabs style=\u00bbflat\u00bb active_section=\u00bb1&#8243;][vc_tta_section title=\u00bbRevestimientos refractarios\u00bb tab_id=\u00bb1516370532560-a5daa0e5-506bae72-c30b\u00bb][vc_column_text]Suministro, mantenimiento e instalaci\u00f3n de revestimientos con ladrillos y concretos refractarios de baja y alta al\u00famina para hornos y equipos de secado, curado, combusti\u00f3n, post combusti\u00f3n, incineradores, cocido, tostadores, recalentamiento, cremaci\u00f3n y fundici\u00f3n.[\/vc_column_text][\/vc_tta_section][vc_tta_section title=\u00bbAislamientos Z-Block\u00bb tab_id=\u00bb1516370532733-8311ec88-85d7ae72-c30b\u00bb][vc_column_text]Suministro e instalaci\u00f3n de aislamientos con el sistema Z-Block (m\u00f3dulos de fibra cer\u00e1mica de alta densidad) para aislamientos internos de c\u00e1maras de post combusti\u00f3n, puertas de calderas, tapas reutilizables de turbinas, recubrimiento de ductos, tuber\u00eda, sellos de expansi\u00f3n y la reparaci\u00f3n de puntos calientes.[\/vc_column_text][\/vc_tta_section][vc_tta_section title=\u00bbEmpaques, sellos y separaciones\u00bb tab_id=\u00bb1516370532910-c8bcc91c-2431ae72-c30b\u00bb][vc_column_text]Suministro e instalaci\u00f3n de cordones, cintas, papeles y telas cer\u00e1micas para sellos\/empaques de hornos, puertas, juntas de expansi\u00f3n -dilataci\u00f3n, cortinas para separar zonas entre equipos a altas temperaturas.[\/vc_column_text][\/vc_tta_section][\/vc_tta_tabs][vc_tta_tabs style=\u00bbflat\u00bb active_section=\u00bb1&#8243;][vc_tta_section title=\u00bbProtecci\u00f3n pasiva cortafuego\u00bb tab_id=\u00bb1516370803835-bf49a32f-a30dae72-c30b\u00bb][vc_column_text]Suministro e instalaci\u00f3n de sistemas para la protecci\u00f3n pasiva cortafuego para cabinas, \u00e1reas administrativas, de producci\u00f3n y almacenamiento, de muros completos, muros pasa cables, cielos, modulaciones y puertas cortafuego con lana mineral de roca fibra cer\u00e1mica, silicato de calcio; Masillas y pinturas intumecentes retardantes al fuego para recubrimiento de estructuras.[\/vc_column_text][\/vc_tta_section][vc_tta_section title=\u00bbAcondicionamientos ac\u00fasticos\u00bb tab_id=\u00bb1516370804026-a6477c71-2af0ae72-c30b\u00bb][vc_column_text]Dise\u00f1o, Suministro e instalaci\u00f3n de cabinas insonorizadas, encerramientos para atenuaci\u00f3n del sonido de ventiladores, sopladores, turbinas, motores, m\u00e1quinas y dem\u00e1s fuentes de ruido; pantallas y barreras ac\u00fasticas; insonorizaci\u00f3n de ductos transportadores; y acondicionamientos ac\u00fasticos de salas de reuniones, cuartos de m\u00e1quinas, oficinas, auditorios etc.[\/vc_column_text][\/vc_tta_section][vc_tta_section title=\u00bbCombusti\u00f3n\u00bb tab_id=\u00bb1516370804230-98962417-c84aae72-c30b\u00bb][vc_column_text]Suministro, dise\u00f1o, mantenimiento e instalaci\u00f3n de trenes de combusti\u00f3n como tuber\u00edas de gas, aire; v\u00e1lvulas reguladoras de apertura r\u00e1pida o lenta, quemadores para calentamiento e incineraci\u00f3n: compactos, con llama rotativa y de baja y alta presi\u00f3n. Tableros de control sencillos o a prueba de explosi\u00f3n; termocuplas y termopares; ventiladores y turbinas de baja, mediana y alta presi\u00f3n.[\/vc_column_text][\/vc_tta_section][\/vc_tta_tabs][\/vc_column][\/vc_row]<\/p>\n","protected":false},"excerpt":{"rendered":"<p>[vc_row type=\u00bbcontainer\u00bb padding_top=\u00bb\u00bb padding_bottom=\u00bb\u00bb css=\u00bb.vc_custom_1449062960012{margin-bottom: 20px !important;}\u00bb][vc_column width=\u00bb1\/2&#8243;][vc_column_text]SIS S.A es una empresa reconocida por su presencia en el sector, estando certificada con el registro \u00fanico de contratistas RUC con calificaci\u00f3n superior al 80%, y registradas en las principales plataformas de proveedores de la industria, como un proveedor confiable en el suministro y montaje de aislamientos, [&hellip;]<\/p>\n","protected":false},"author":1,"featured_media":70691,"parent":73,"menu_order":4,"comment_status":"closed","ping_status":"closed","template":"","meta":{"_monsterinsights_skip_tracking":false,"_monsterinsights_sitenote_active":false,"_monsterinsights_sitenote_note":"","_monsterinsights_sitenote_category":0},"acf":[],"yoast_head":"<!-- This site is optimized with the Yoast SEO plugin v20.6 - https:\/\/yoast.com\/wordpress\/plugins\/seo\/ -->\n<title>Soluciones sector Refiner\u00edas y Petroleos - SIS SA Suministros Ingenieria y Soluciones<\/title>\n<meta name=\"description\" content=\"It involves the design, production, and operation of machinery.\" \/>\n<meta name=\"robots\" content=\"noindex, follow, max-snippet:-1, max-image-preview:large, max-video-preview:-1\" \/>\n<meta property=\"og:locale\" content=\"es_ES\" \/>\n<meta property=\"og:type\" content=\"article\" \/>\n<meta property=\"og:title\" content=\"Soluciones sector Refiner\u00edas y Petroleos - SIS SA Suministros Ingenieria y Soluciones\" \/>\n<meta property=\"og:description\" content=\"It involves the design, production, and operation of machinery.\" \/>\n<meta property=\"og:url\" content=\"https:\/\/sissa.com.co\/site\/nuestras-soluciones\/refinerias-y-petroleos\/\" \/>\n<meta property=\"og:site_name\" content=\"SIS SA Suministros Ingenieria y Soluciones\" \/>\n<meta property=\"article:modified_time\" content=\"2018-01-27T14:36:15+00:00\" \/>\n<meta name=\"twitter:card\" content=\"summary_large_image\" \/>\n<meta name=\"twitter:label1\" content=\"Tiempo de lectura\" \/>\n\t<meta name=\"twitter:data1\" content=\"4 minutos\" \/>\n<script type=\"application\/ld+json\" class=\"yoast-schema-graph\">{\"@context\":\"https:\/\/schema.org\",\"@graph\":[{\"@type\":\"WebPage\",\"@id\":\"https:\/\/sissa.com.co\/site\/nuestras-soluciones\/refinerias-y-petroleos\/\",\"url\":\"https:\/\/sissa.com.co\/site\/nuestras-soluciones\/refinerias-y-petroleos\/\",\"name\":\"Soluciones sector Refiner\u00edas y Petroleos - SIS SA Suministros Ingenieria y Soluciones\",\"isPartOf\":{\"@id\":\"https:\/\/sissa.com.co\/site\/#website\"},\"datePublished\":\"2015-10-09T14:06:33+00:00\",\"dateModified\":\"2018-01-27T14:36:15+00:00\",\"description\":\"It involves the design, production, and operation of machinery.\",\"breadcrumb\":{\"@id\":\"https:\/\/sissa.com.co\/site\/nuestras-soluciones\/refinerias-y-petroleos\/#breadcrumb\"},\"inLanguage\":\"es\",\"potentialAction\":[{\"@type\":\"ReadAction\",\"target\":[\"https:\/\/sissa.com.co\/site\/nuestras-soluciones\/refinerias-y-petroleos\/\"]}]},{\"@type\":\"BreadcrumbList\",\"@id\":\"https:\/\/sissa.com.co\/site\/nuestras-soluciones\/refinerias-y-petroleos\/#breadcrumb\",\"itemListElement\":[{\"@type\":\"ListItem\",\"position\":1,\"name\":\"Home\",\"item\":\"https:\/\/sissa.com.co\/site\/\"},{\"@type\":\"ListItem\",\"position\":2,\"name\":\"Solutions\",\"item\":\"https:\/\/sissa.com.co\/site\/nuestras-soluciones\/\"},{\"@type\":\"ListItem\",\"position\":3,\"name\":\"Soluciones sector Refiner\u00edas y Petroleos\"}]},{\"@type\":\"WebSite\",\"@id\":\"https:\/\/sissa.com.co\/site\/#website\",\"url\":\"https:\/\/sissa.com.co\/site\/\",\"name\":\"SIS SA Suministros Ingenieria y Soluciones\",\"description\":\"Somos la ingenier\u00eda del aislamiento t\u00e9rmico\",\"publisher\":{\"@id\":\"https:\/\/sissa.com.co\/site\/#organization\"},\"potentialAction\":[{\"@type\":\"SearchAction\",\"target\":{\"@type\":\"EntryPoint\",\"urlTemplate\":\"https:\/\/sissa.com.co\/site\/?s={search_term_string}\"},\"query-input\":\"required name=search_term_string\"}],\"inLanguage\":\"es\"},{\"@type\":\"Organization\",\"@id\":\"https:\/\/sissa.com.co\/site\/#organization\",\"name\":\"Suministros Ingenier\u00eda y Soluciones SIS SA Medell\u00edn, Colombia | Consultor\u00eda t\u00e9cnica e instalaci\u00f3n de Aislamientos T\u00e9rmicos en bajas temperaturas con Poliuretano, medias temperaturas en Fibra de Vidrio y en Altas Temperaturas en Fibra Cer\u00e1mica, Aislamientos Ac\u00fasticos y Materiales Refractarios, Dise\u00f1o, Fabricaci\u00f3n, Montaje y Reparaci\u00f3n de Sistemas de Combusti\u00f3n, Hornos Industriales, Hornos Crematorios para Humanos y para Mascotas | V\u00e1lvulas e Incineradores | Suministros para la Ingenier\u00eda, La mejor Calidad del Pa\u00eds, Distribuidores Autorizados de Fiber Glass Colombia, Erecos Colombia, Morgan Thermal Ceramics, Lewco, Honeywell | Dise\u00f1o de Montajes Industriales en Colombia, Medell\u00edn, Cali, Bogot\u00e1, Barranquilla, Cartagena, C\u00facuta, Villavicencio, Ibagu\u00e9, Bucaramanga, Santa Marta, Pereira, Valledupar, Monter\u00eda, Pasto, Manizales, Neiva, Armenia, Popay\u00e1n, Sincelejo, Barrancabermeja\",\"url\":\"https:\/\/sissa.com.co\/site\/\",\"logo\":{\"@type\":\"ImageObject\",\"inLanguage\":\"es\",\"@id\":\"https:\/\/sissa.com.co\/site\/#\/schema\/logo\/image\/\",\"url\":\"https:\/\/sissa.com.co\/site\/wp-content\/uploads\/2018\/01\/logo_alta_sis.png\",\"contentUrl\":\"https:\/\/sissa.com.co\/site\/wp-content\/uploads\/2018\/01\/logo_alta_sis.png\",\"width\":945,\"height\":400,\"caption\":\"Suministros Ingenier\u00eda y Soluciones SIS SA Medell\u00edn, Colombia | Consultor\u00eda t\u00e9cnica e instalaci\u00f3n de Aislamientos T\u00e9rmicos en bajas temperaturas con Poliuretano, medias temperaturas en Fibra de Vidrio y en Altas Temperaturas en Fibra Cer\u00e1mica, Aislamientos Ac\u00fasticos y Materiales Refractarios, Dise\u00f1o, Fabricaci\u00f3n, Montaje y Reparaci\u00f3n de Sistemas de Combusti\u00f3n, Hornos Industriales, Hornos Crematorios para Humanos y para Mascotas | V\u00e1lvulas e Incineradores | Suministros para la Ingenier\u00eda, La mejor Calidad del Pa\u00eds, Distribuidores Autorizados de Fiber Glass Colombia, Erecos Colombia, Morgan Thermal Ceramics, Lewco, Honeywell | Dise\u00f1o de Montajes Industriales en Colombia, Medell\u00edn, Cali, Bogot\u00e1, Barranquilla, Cartagena, C\u00facuta, Villavicencio, Ibagu\u00e9, Bucaramanga, Santa Marta, Pereira, Valledupar, Monter\u00eda, Pasto, Manizales, Neiva, Armenia, Popay\u00e1n, Sincelejo, Barrancabermeja\"},\"image\":{\"@id\":\"https:\/\/sissa.com.co\/site\/#\/schema\/logo\/image\/\"}}]}<\/script>\n<!-- \/ Yoast SEO plugin. -->","yoast_head_json":{"title":"Soluciones sector Refiner\u00edas y Petroleos - SIS SA Suministros Ingenieria y Soluciones","description":"It involves the design, production, and operation of machinery.","robots":{"index":"noindex","follow":"follow","max-snippet":"max-snippet:-1","max-image-preview":"max-image-preview:large","max-video-preview":"max-video-preview:-1"},"og_locale":"es_ES","og_type":"article","og_title":"Soluciones sector Refiner\u00edas y Petroleos - SIS SA Suministros Ingenieria y Soluciones","og_description":"It involves the design, production, and operation of machinery.","og_url":"https:\/\/sissa.com.co\/site\/nuestras-soluciones\/refinerias-y-petroleos\/","og_site_name":"SIS SA Suministros Ingenieria y Soluciones","article_modified_time":"2018-01-27T14:36:15+00:00","twitter_card":"summary_large_image","twitter_misc":{"Tiempo de lectura":"4 minutos"},"schema":{"@context":"https:\/\/schema.org","@graph":[{"@type":"WebPage","@id":"https:\/\/sissa.com.co\/site\/nuestras-soluciones\/refinerias-y-petroleos\/","url":"https:\/\/sissa.com.co\/site\/nuestras-soluciones\/refinerias-y-petroleos\/","name":"Soluciones sector Refiner\u00edas y Petroleos - SIS SA Suministros Ingenieria y Soluciones","isPartOf":{"@id":"https:\/\/sissa.com.co\/site\/#website"},"datePublished":"2015-10-09T14:06:33+00:00","dateModified":"2018-01-27T14:36:15+00:00","description":"It involves the design, production, and operation of machinery.","breadcrumb":{"@id":"https:\/\/sissa.com.co\/site\/nuestras-soluciones\/refinerias-y-petroleos\/#breadcrumb"},"inLanguage":"es","potentialAction":[{"@type":"ReadAction","target":["https:\/\/sissa.com.co\/site\/nuestras-soluciones\/refinerias-y-petroleos\/"]}]},{"@type":"BreadcrumbList","@id":"https:\/\/sissa.com.co\/site\/nuestras-soluciones\/refinerias-y-petroleos\/#breadcrumb","itemListElement":[{"@type":"ListItem","position":1,"name":"Home","item":"https:\/\/sissa.com.co\/site\/"},{"@type":"ListItem","position":2,"name":"Solutions","item":"https:\/\/sissa.com.co\/site\/nuestras-soluciones\/"},{"@type":"ListItem","position":3,"name":"Soluciones sector Refiner\u00edas y Petroleos"}]},{"@type":"WebSite","@id":"https:\/\/sissa.com.co\/site\/#website","url":"https:\/\/sissa.com.co\/site\/","name":"SIS SA Suministros Ingenieria y Soluciones","description":"Somos la ingenier\u00eda del aislamiento t\u00e9rmico","publisher":{"@id":"https:\/\/sissa.com.co\/site\/#organization"},"potentialAction":[{"@type":"SearchAction","target":{"@type":"EntryPoint","urlTemplate":"https:\/\/sissa.com.co\/site\/?s={search_term_string}"},"query-input":"required name=search_term_string"}],"inLanguage":"es"},{"@type":"Organization","@id":"https:\/\/sissa.com.co\/site\/#organization","name":"Suministros Ingenier\u00eda y Soluciones SIS SA Medell\u00edn, Colombia | Consultor\u00eda t\u00e9cnica e instalaci\u00f3n de Aislamientos T\u00e9rmicos en bajas temperaturas con Poliuretano, medias temperaturas en Fibra de Vidrio y en Altas Temperaturas en Fibra Cer\u00e1mica, Aislamientos Ac\u00fasticos y Materiales Refractarios, Dise\u00f1o, Fabricaci\u00f3n, Montaje y Reparaci\u00f3n de Sistemas de Combusti\u00f3n, Hornos Industriales, Hornos Crematorios para Humanos y para Mascotas | V\u00e1lvulas e Incineradores | Suministros para la Ingenier\u00eda, La mejor Calidad del Pa\u00eds, Distribuidores Autorizados de Fiber Glass Colombia, Erecos Colombia, Morgan Thermal Ceramics, Lewco, Honeywell | Dise\u00f1o de Montajes Industriales en Colombia, Medell\u00edn, Cali, Bogot\u00e1, Barranquilla, Cartagena, C\u00facuta, Villavicencio, Ibagu\u00e9, Bucaramanga, Santa Marta, Pereira, Valledupar, Monter\u00eda, Pasto, Manizales, Neiva, Armenia, Popay\u00e1n, Sincelejo, Barrancabermeja","url":"https:\/\/sissa.com.co\/site\/","logo":{"@type":"ImageObject","inLanguage":"es","@id":"https:\/\/sissa.com.co\/site\/#\/schema\/logo\/image\/","url":"https:\/\/sissa.com.co\/site\/wp-content\/uploads\/2018\/01\/logo_alta_sis.png","contentUrl":"https:\/\/sissa.com.co\/site\/wp-content\/uploads\/2018\/01\/logo_alta_sis.png","width":945,"height":400,"caption":"Suministros Ingenier\u00eda y Soluciones SIS SA Medell\u00edn, Colombia | Consultor\u00eda t\u00e9cnica e instalaci\u00f3n de Aislamientos T\u00e9rmicos en bajas temperaturas con Poliuretano, medias temperaturas en Fibra de Vidrio y en Altas Temperaturas en Fibra Cer\u00e1mica, Aislamientos Ac\u00fasticos y Materiales Refractarios, Dise\u00f1o, Fabricaci\u00f3n, Montaje y Reparaci\u00f3n de Sistemas de Combusti\u00f3n, Hornos Industriales, Hornos Crematorios para Humanos y para Mascotas | V\u00e1lvulas e Incineradores | Suministros para la Ingenier\u00eda, La mejor Calidad del Pa\u00eds, Distribuidores Autorizados de Fiber Glass Colombia, Erecos Colombia, Morgan Thermal Ceramics, Lewco, Honeywell | Dise\u00f1o de Montajes Industriales en Colombia, Medell\u00edn, Cali, Bogot\u00e1, Barranquilla, Cartagena, C\u00facuta, Villavicencio, Ibagu\u00e9, Bucaramanga, Santa Marta, Pereira, Valledupar, Monter\u00eda, Pasto, Manizales, Neiva, Armenia, Popay\u00e1n, Sincelejo, Barrancabermeja"},"image":{"@id":"https:\/\/sissa.com.co\/site\/#\/schema\/logo\/image\/"}}]}},"_links":{"self":[{"href":"https:\/\/sissa.com.co\/site\/wp-json\/wp\/v2\/pages\/110"}],"collection":[{"href":"https:\/\/sissa.com.co\/site\/wp-json\/wp\/v2\/pages"}],"about":[{"href":"https:\/\/sissa.com.co\/site\/wp-json\/wp\/v2\/types\/page"}],"author":[{"embeddable":true,"href":"https:\/\/sissa.com.co\/site\/wp-json\/wp\/v2\/users\/1"}],"replies":[{"embeddable":true,"href":"https:\/\/sissa.com.co\/site\/wp-json\/wp\/v2\/comments?post=110"}],"version-history":[{"count":5,"href":"https:\/\/sissa.com.co\/site\/wp-json\/wp\/v2\/pages\/110\/revisions"}],"predecessor-version":[{"id":71339,"href":"https:\/\/sissa.com.co\/site\/wp-json\/wp\/v2\/pages\/110\/revisions\/71339"}],"up":[{"embeddable":true,"href":"https:\/\/sissa.com.co\/site\/wp-json\/wp\/v2\/pages\/73"}],"wp:featuredmedia":[{"embeddable":true,"href":"https:\/\/sissa.com.co\/site\/wp-json\/"}],"wp:attachment":[{"href":"https:\/\/sissa.com.co\/site\/wp-json\/wp\/v2\/media?parent=110"}],"curies":[{"name":"wp","href":"https:\/\/api.w.org\/{rel}","templated":true}]}}